{"id":1017,"date":"2024-01-30T10:10:01","date_gmt":"2024-01-30T10:10:01","guid":{"rendered":"https:\/\/predicare.com\/?page_id=1017"},"modified":"2025-08-19T10:29:03","modified_gmt":"2025-08-19T10:29:03","slug":"hva-er-retts","status":"publish","type":"page","link":"https:\/\/predicare.com\/no\/hva-er-retts\/","title":{"rendered":"Hva er RETTS?"},"content":{"rendered":"\n\t<section class=\"about-hero-wrap\">\n\t\t<div class=\"container-fluid\">\n\t\t\t<div class=\"row align-items-center\">\n\t\t\t\t<!-- LEFT BLOCK -->\n\t\t\t\t\t\t\t\t\t<div class=\"col-6 col-lg-3 order-lg-1\">\n\t\t\t\t\t\t\t\t\t\t\t\t\t<img loading=\"lazy\" decoding=\"async\" width=\"442\" height=\"506\" src=\"https:\/\/predicare.com\/wp-content\/uploads\/2024\/01\/WhatIsRETTS-HeroGraphic-Left.png\" class=\"attachment-full size-full\" alt=\"\" srcset=\"https:\/\/predicare.com\/wp-content\/uploads\/2024\/01\/WhatIsRETTS-HeroGraphic-Left.png 442w, https:\/\/predicare.com\/wp-content\/uploads\/2024\/01\/WhatIsRETTS-HeroGraphic-Left-262x300.png 262w\" sizes=\"auto, (max-width: 442px) 100vw, 442px\" \/>\t\t\t\t\t\t\t\t\t\t\t<\/div>\n\t\t\t\t\n\t\t\t\t<!-- RIGHT BLOCK -->\n\t\t\t\t\t\t\t\t\t<div class=\"col-6 col-lg-3 order-lg-3\">\n\t\t\t\t\t\t\t\t\t\t\t\t\t<img loading=\"lazy\" decoding=\"async\" width=\"442\" height=\"500\" src=\"https:\/\/predicare.com\/wp-content\/uploads\/2024\/01\/WhatIsRETTS-HeroGraphic-Right.png\" class=\"attachment-full size-full\" alt=\"\" srcset=\"https:\/\/predicare.com\/wp-content\/uploads\/2024\/01\/WhatIsRETTS-HeroGraphic-Right.png 442w, https:\/\/predicare.com\/wp-content\/uploads\/2024\/01\/WhatIsRETTS-HeroGraphic-Right-265x300.png 265w\" sizes=\"auto, (max-width: 442px) 100vw, 442px\" \/>\t\t\t\t\t\t\t\t\t\t\t<\/div>\n\t\t\t\t\t\t\t\t\n\t\t\t\t<div class=\"col-lg-6 order-lg-2\">\t\n\t\t\t\t\t<div class=\"container\">\n\t\t\t\t\t<img loading=\"lazy\" decoding=\"async\" width=\"55\" height=\"60\" src=\"https:\/\/predicare.com\/wp-content\/uploads\/2024\/01\/RETTSIcon.png\" class=\"logo\" alt=\"\" \/>\t\t\t\t\t<h1>Hva er RETTS?<\/h1>\n\t\t\t\t\t<p>Rapid Emergency Triage and Treatment System (RETTS) er et beslutningsst\u00f8tte for triage og prosessstyring i akuttomsorgskjeden &#8211; designet for \u00e5 hjelpe helsepersonell i en rekke helsemilj\u00f8er. Den har blitt brukt i over to ti\u00e5r i Norden og har muliggjort over 60 millioner vurderinger. Siden 2023 har RETTS ogs\u00e5 blitt brukt i \u00d8sterrike og siden 2025 ogs\u00e5 p\u00e5 \u00c5land.<\/p>\n\t\t\t\t\t<\/div>\n\t\t\t\t<\/div>\n\t\t\t<\/div>\n\t\t<\/div>\n\t<\/section>\n\n\n\n\t<section class=\"block retts-feature\">\n\t\t<div class=\"container\">\n\t\t\t\t\t\t\t<svg xmlns=\"http:\/\/www.w3.org\/2000\/svg\" width=\"16\" height=\"158\" viewBox=\"0 0 16 158\">\n  <g id=\"Line-Dark\" transform=\"translate(-952 -1572)\">\n    <line id=\"Line-Vertical-Dark\" y2=\"150\" transform=\"translate(960 1572)\" fill=\"none\" stroke=\"#0d3e63\" stroke-width=\"2\"\/>\n    <g id=\"LineEnd-Dark\" transform=\"translate(-43.268 1201.5)\">\n      <g id=\"Ellipse_2\" data-name=\"Ellipse 2\" transform=\"translate(995.267 512.5)\" fill=\"none\" stroke=\"#0d3e63\" stroke-width=\"2\">\n        <circle cx=\"8\" cy=\"8\" r=\"8\" stroke=\"none\"\/>\n        <circle cx=\"8\" cy=\"8\" r=\"7\" fill=\"none\"\/>\n      <\/g>\n      <circle id=\"Ellipse_3\" data-name=\"Ellipse 3\" cx=\"4\" cy=\"4\" r=\"4\" transform=\"translate(999.267 516.5)\" fill=\"#0d3e63\"\/>\n    <\/g>\n  <\/g>\n<\/svg>\n\t\t\t\t<h3>RETTS bruker to p\u00e5litelige algoritmer for akuttvurderinger<\/h3>\n\t\t\t\t\t\t\t\t\t\t<div class=\"retts-feature-list\">\n\t\t\t\t\t\t\t\t\t\t\t\t\t\t\t<div class=\"default-card\">\n\t\t\t\t\t\t\t\t\t<h5>Vitale parametre <\/h5>\n\t\t\t\t\t\t\t\t\t<p><span style=\"font-weight: 400;\">Vitale parametre er basert p\u00e5 ABCDE-prinsippet, som inkluderer puls, blodtrykk, respirasjonsfrekvens, kroppstemperatur og oksygenmetning.<\/span><\/p>\n\t\t\t\t\t\t\t\t<\/div>\n\t\t\t\t\t\t\t\t\t\t\t\t\t\t\t<div class=\"default-card\">\n\t\t\t\t\t\t\t\t\t<h5>Akutte symptomer og tegn (ESS) <\/h5>\n\t\t\t\t\t\t\t\t\t<p><span style=\"font-weight: 400;\">ESS-kort er en strukturert sammensetning av kliniske funn, som brukes til \u00e5 systematisk bed\u00f8mme pasientens tilstand.<\/span><\/p>\n\t\t\t\t\t\t\t\t<\/div>\n\t\t\t\t\t\t\t\t\t\t\t\t\t<\/div>\n\t\t\t\t\t\t\t\t\t\t\t\t\t\t\t\t<svg xmlns=\"http:\/\/www.w3.org\/2000\/svg\" width=\"16\" height=\"158\" viewBox=\"0 0 16 158\">\n  <g id=\"Line-Dark\" transform=\"translate(-952 -1572)\">\n    <line id=\"Line-Vertical-Dark\" y2=\"150\" transform=\"translate(960 1572)\" fill=\"none\" stroke=\"#0d3e63\" stroke-width=\"2\"\/>\n    <g id=\"LineEnd-Dark\" transform=\"translate(-43.268 1201.5)\">\n      <g id=\"Ellipse_2\" data-name=\"Ellipse 2\" transform=\"translate(995.267 512.5)\" fill=\"none\" stroke=\"#0d3e63\" stroke-width=\"2\">\n        <circle cx=\"8\" cy=\"8\" r=\"8\" stroke=\"none\"\/>\n        <circle cx=\"8\" cy=\"8\" r=\"7\" fill=\"none\"\/>\n      <\/g>\n      <circle id=\"Ellipse_3\" data-name=\"Ellipse 3\" cx=\"4\" cy=\"4\" r=\"4\" transform=\"translate(999.267 516.5)\" fill=\"#0d3e63\"\/>\n    <\/g>\n  <\/g>\n<\/svg>\n\t\t\t\t<h3>Algoritmen som indikerer h\u00f8yest medisinsk risiko gis h\u00f8yest prioritet i k\u00f8en til en medisinsk unders\u00f8kelse<\/h3>\n\t\t\t\t<p>Dette gj\u00f8r at vurderingen av pasienten blir mer fullstendig og konsistent, og sikrer at pasienten mottar helsehjelp p\u00e5 riktig niv\u00e5.<\/p><img loading=\"lazy\" decoding=\"async\" width=\"808\" height=\"337\" src=\"https:\/\/predicare.com\/wp-content\/uploads\/2024\/01\/WhatIsRETTS-Graphic-Decision-v2.png\" class=\"logo\" alt=\"\" srcset=\"https:\/\/predicare.com\/wp-content\/uploads\/2024\/01\/WhatIsRETTS-Graphic-Decision-v2.png 808w, https:\/\/predicare.com\/wp-content\/uploads\/2024\/01\/WhatIsRETTS-Graphic-Decision-v2-300x125.png 300w, https:\/\/predicare.com\/wp-content\/uploads\/2024\/01\/WhatIsRETTS-Graphic-Decision-v2-768x320.png 768w\" sizes=\"auto, (max-width: 808px) 100vw, 808px\" \/>\t\t\t\t\t<\/div>\n\t<\/section>\n\n\n\n\t<section class=\"full-section-promo-with-background\">\n\t\t<div class=\"container\">\n\t\t\t<div class=\"row gx-md-3 gx-xl-6 flex-row-reverse\">\n\t\t\t\t<div class=\"col-lg-5\">\n\t\t\t\t\t\t\t\t\t\t\t<img decoding=\"async\" src=\"https:\/\/predicare.com\/wp-content\/uploads\/2025\/08\/Predicare_09-scaled.jpg\" alt=\"\">\n\t\t\t\t\t\t\t\t\t<\/div>\n\t\t\t\t<div class=\"col-lg-7\">\n\t\t\t\t\t<h2>Klar n\u00e5r og der du trenger det <\/h2><ul>\n<li><span style=\"font-weight: 400;\">Tilgjengelig onlineportal<\/span><\/li>\n<li><span style=\"font-weight: 400;\">St\u00f8tter lokale prosesser<\/span><\/li>\n<li><span style=\"font-weight: 400;\">Gratis oppl\u00e6ring<\/span><\/li>\n<\/ul>\n<p><span style=\"font-weight: 400;\">RETTS er en fleksibel programvarebasert l\u00f8sning som kan brukes akkurat n\u00e5r og der akutthjelppersonellet trenger den. Takket v\u00e6re onlineportalen v\u00e5r, kan den brukes sammen med eksisterende system og arbeidsflyt. Strukturen i systemet legger til rette for at lokale og nasjonale medisinske retningslinjer etterf\u00f8lges<\/span><\/p>\n<p><span style=\"font-weight: 400;\">Vi tilbyr oppl\u00e6ring for \u00e5 hjelpe teamet \u00e5 f\u00e5 mest mulig ut av RETTS. Dette er inkludert i hver enkelt lisens, helt uten ekstra kostnad. P\u00e5 plattformen v\u00e5r kan medisinsk personell l\u00e6res opp i en takt som passer dem. Lokale ressurser kan dessuten tilby personlig og nettbasert oppl\u00e6ring.<\/span><\/p>\n<p>&nbsp;<\/p>\n<p><span style=\"font-weight: 400;\">RETTS er lett \u00e5 l\u00e6re og forst\u00e5, og kan benyttes p\u00e5 tvers av flere fagfelt p\u00e5 en p\u00e5litelig m\u00e5te for \u00e5 gj\u00f8re beslutningsprosessen mer konsistent.<\/span><\/p>\n\t\t\t\t<\/div>\n\t\t\t<\/div>\n\t\t<\/div>\n\t<\/section>\n\n\n\n\t<section class=\"block solution-promo\">\n\t\t<div class=\"container\">\n\t\t\t<div class=\"row gx-md-5 gx-xl-6  \">\n\t\t\t\t<div class=\"col-lg-5\">\n\t\t\t\t\t\t\t\t\t\t\t<img decoding=\"async\" src=\"https:\/\/predicare.com\/wp-content\/uploads\/2023\/11\/WhyRETTSImage-1.png\" alt=\"\">\n\t\t\t\t\t\t\t\t\t<\/div>\n\t\t\t\t<div class=\"col-lg-7\">\n\t\t\t\t\t<h2>Hvorfor velge RETTS? <\/h2>\t\t\t\t\t\t\t<div class=\"default-card\">\n\t\t\t\t\t\t\t\t<h4>Konsistente beslutninger <\/h4><p>RETTS tilbyr en systematisk og strukturert tiln\u00e6rming til triage, som sikrer at alt helsepersonell bruker samme robuste kriterier for \u00e5 vurdere alvorlighetsgrad i pasientens tilstand. <\/p>\t\t\t\t\t\t\t<\/div>\n\t\t\t\t\t\t\t\t\t\t\t\t\t\t<div class=\"default-card\">\n\t\t\t\t\t\t\t\t<h4>Raskere handling <\/h4><p>ESS-kortene har informasjon om hvordan man skal teste, overv\u00e5ke og h\u00e5ndtere pasienter. Dette korter ned vurderingstiden for hver pasient. <\/p>\t\t\t\t\t\t\t<\/div>\n\t\t\t\t\t\t\t\t\t\t\t\t\t\t<div class=\"default-card\">\n\t\t\t\t\t\t\t\t<h4>Kontinuerlig utvikling <\/h4><p>RETTS oppdateres regelmessig, basert p\u00e5 den nyeste forskningen og kliniske retningslinjer. Dette sikrer at systemet stadig tilpasses moderne helsehjelp. <\/p>\t\t\t\t\t\t\t<\/div>\n\t\t\t\t\t\t\t\t\t\t\t<\/div>\n\t\t\t<\/div>\n\t\t<\/div>\n\t<\/section>\n\n\n\n\t<section class=\"image-promo\">\n\t\t<div class=\"container\">\n\t\t\t<div class=\"cta-wrap\">\n\t\t\t\t\t\t\t\t\t<img decoding=\"async\" src=\"https:\/\/predicare.com\/wp-content\/uploads\/2024\/02\/predicare-book-demo.jpg\" alt=\"Interessert i RETTS?\">\n\t\t\t\t\t\t\t\t<div class=\"content\">\n\t\t\t\t\t\t\t\t\t\t\t<h2>Interessert i RETTS?<\/h2>\n\t\t\t\t\t\t\t\t\t\t<div class=\"button-group\">\n\t\t\t\t\t\t\t\t\t\t\t\t\t\t\t\t<a class=\"btn btn-primary\" href=\"https:\/\/predicare.com\/no\/kontakt-oss\/\">Bestill demo<\/a>\n\t\t\t\t\t\t\t\t\t\t<\/div>\n\t\t\t\t\n\t\t\t\t<\/div>\n\t\t\t<\/div>\n\t\t<\/div>\n\n\t<\/section>\n","protected":false},"excerpt":{"rendered":"","protected":false},"author":1,"featured_media":0,"parent":0,"menu_order":0,"comment_status":"closed","ping_status":"closed","template":"guternberg.php","meta":{"footnotes":""},"class_list":["post-1017","page","type-page","status-publish","hentry"],"acf":[],"yoast_head":"<!-- This site is optimized with the Yoast SEO plugin v21.9.1 - https:\/\/yoast.com\/wordpress\/plugins\/seo\/ -->\n<title>Hva er RETTS? - Omda Predicare<\/title>\n<meta name=\"robots\" content=\"index, follow, max-snippet:-1, max-image-preview:large, max-video-preview:-1\" \/>\n<link rel=\"canonical\" href=\"https:\/\/predicare.com\/no\/hva-er-retts\/\" \/>\n<meta property=\"og:locale\" content=\"nb_NO\" \/>\n<meta property=\"og:type\" content=\"article\" \/>\n<meta property=\"og:title\" content=\"Hva er RETTS? - Omda Predicare\" \/>\n<meta property=\"og:url\" content=\"https:\/\/predicare.com\/no\/hva-er-retts\/\" \/>\n<meta property=\"og:site_name\" content=\"Omda Predicare\" \/>\n<meta property=\"article:modified_time\" content=\"2025-08-19T10:29:03+00:00\" \/>\n<meta name=\"twitter:card\" content=\"summary_large_image\" \/>\n<script type=\"application\/ld+json\" class=\"yoast-schema-graph\">{\"@context\":\"https:\/\/schema.org\",\"@graph\":[{\"@type\":\"WebPage\",\"@id\":\"https:\/\/predicare.com\/no\/hva-er-retts\/\",\"url\":\"https:\/\/predicare.com\/no\/hva-er-retts\/\",\"name\":\"Hva er RETTS? - Omda Predicare\",\"isPartOf\":{\"@id\":\"https:\/\/predicare.com\/no\/#website\"},\"datePublished\":\"2024-01-30T10:10:01+00:00\",\"dateModified\":\"2025-08-19T10:29:03+00:00\",\"breadcrumb\":{\"@id\":\"https:\/\/predicare.com\/no\/hva-er-retts\/#breadcrumb\"},\"inLanguage\":\"nb-NO\",\"potentialAction\":[{\"@type\":\"ReadAction\",\"target\":[\"https:\/\/predicare.com\/no\/hva-er-retts\/\"]}]},{\"@type\":\"BreadcrumbList\",\"@id\":\"https:\/\/predicare.com\/no\/hva-er-retts\/#breadcrumb\",\"itemListElement\":[{\"@type\":\"ListItem\",\"position\":1,\"name\":\"Home\",\"item\":\"https:\/\/predicare.com\/no\/\"},{\"@type\":\"ListItem\",\"position\":2,\"name\":\"Hva er RETTS?\"}]},{\"@type\":\"WebSite\",\"@id\":\"https:\/\/predicare.com\/no\/#website\",\"url\":\"https:\/\/predicare.com\/no\/\",\"name\":\"Omda Predicare\",\"description\":\"\",\"publisher\":{\"@id\":\"https:\/\/predicare.com\/no\/#organization\"},\"potentialAction\":[{\"@type\":\"SearchAction\",\"target\":{\"@type\":\"EntryPoint\",\"urlTemplate\":\"https:\/\/predicare.com\/no\/?s={search_term_string}\"},\"query-input\":\"required name=search_term_string\"}],\"inLanguage\":\"nb-NO\"},{\"@type\":\"Organization\",\"@id\":\"https:\/\/predicare.com\/no\/#organization\",\"name\":\"Omda Predicare\",\"url\":\"https:\/\/predicare.com\/no\/\",\"logo\":{\"@type\":\"ImageObject\",\"inLanguage\":\"nb-NO\",\"@id\":\"https:\/\/predicare.com\/no\/#\/schema\/logo\/image\/\",\"url\":\"https:\/\/predicare.com\/wp-content\/uploads\/2025\/08\/Skarmbild-2025-08-19-094847.png\",\"contentUrl\":\"https:\/\/predicare.com\/wp-content\/uploads\/2025\/08\/Skarmbild-2025-08-19-094847.png\",\"width\":2157,\"height\":802,\"caption\":\"Omda Predicare\"},\"image\":{\"@id\":\"https:\/\/predicare.com\/no\/#\/schema\/logo\/image\/\"}}]}<\/script>\n<!-- \/ Yoast SEO plugin. -->","yoast_head_json":{"title":"Hva er RETTS? - Omda Predicare","robots":{"index":"index","follow":"follow","max-snippet":"max-snippet:-1","max-image-preview":"max-image-preview:large","max-video-preview":"max-video-preview:-1"},"canonical":"https:\/\/predicare.com\/no\/hva-er-retts\/","og_locale":"nb_NO","og_type":"article","og_title":"Hva er RETTS? - Omda Predicare","og_url":"https:\/\/predicare.com\/no\/hva-er-retts\/","og_site_name":"Omda Predicare","article_modified_time":"2025-08-19T10:29:03+00:00","twitter_card":"summary_large_image","schema":{"@context":"https:\/\/schema.org","@graph":[{"@type":"WebPage","@id":"https:\/\/predicare.com\/no\/hva-er-retts\/","url":"https:\/\/predicare.com\/no\/hva-er-retts\/","name":"Hva er RETTS? - Omda Predicare","isPartOf":{"@id":"https:\/\/predicare.com\/no\/#website"},"datePublished":"2024-01-30T10:10:01+00:00","dateModified":"2025-08-19T10:29:03+00:00","breadcrumb":{"@id":"https:\/\/predicare.com\/no\/hva-er-retts\/#breadcrumb"},"inLanguage":"nb-NO","potentialAction":[{"@type":"ReadAction","target":["https:\/\/predicare.com\/no\/hva-er-retts\/"]}]},{"@type":"BreadcrumbList","@id":"https:\/\/predicare.com\/no\/hva-er-retts\/#breadcrumb","itemListElement":[{"@type":"ListItem","position":1,"name":"Home","item":"https:\/\/predicare.com\/no\/"},{"@type":"ListItem","position":2,"name":"Hva er RETTS?"}]},{"@type":"WebSite","@id":"https:\/\/predicare.com\/no\/#website","url":"https:\/\/predicare.com\/no\/","name":"Omda Predicare","description":"","publisher":{"@id":"https:\/\/predicare.com\/no\/#organization"},"potentialAction":[{"@type":"SearchAction","target":{"@type":"EntryPoint","urlTemplate":"https:\/\/predicare.com\/no\/?s={search_term_string}"},"query-input":"required name=search_term_string"}],"inLanguage":"nb-NO"},{"@type":"Organization","@id":"https:\/\/predicare.com\/no\/#organization","name":"Omda Predicare","url":"https:\/\/predicare.com\/no\/","logo":{"@type":"ImageObject","inLanguage":"nb-NO","@id":"https:\/\/predicare.com\/no\/#\/schema\/logo\/image\/","url":"https:\/\/predicare.com\/wp-content\/uploads\/2025\/08\/Skarmbild-2025-08-19-094847.png","contentUrl":"https:\/\/predicare.com\/wp-content\/uploads\/2025\/08\/Skarmbild-2025-08-19-094847.png","width":2157,"height":802,"caption":"Omda Predicare"},"image":{"@id":"https:\/\/predicare.com\/no\/#\/schema\/logo\/image\/"}}]}},"_links":{"self":[{"href":"https:\/\/predicare.com\/no\/wp-json\/wp\/v2\/pages\/1017","targetHints":{"allow":["GET"]}}],"collection":[{"href":"https:\/\/predicare.com\/no\/wp-json\/wp\/v2\/pages"}],"about":[{"href":"https:\/\/predicare.com\/no\/wp-json\/wp\/v2\/types\/page"}],"author":[{"embeddable":true,"href":"https:\/\/predicare.com\/no\/wp-json\/wp\/v2\/users\/1"}],"replies":[{"embeddable":true,"href":"https:\/\/predicare.com\/no\/wp-json\/wp\/v2\/comments?post=1017"}],"version-history":[{"count":25,"href":"https:\/\/predicare.com\/no\/wp-json\/wp\/v2\/pages\/1017\/revisions"}],"predecessor-version":[{"id":1817,"href":"https:\/\/predicare.com\/no\/wp-json\/wp\/v2\/pages\/1017\/revisions\/1817"}],"wp:attachment":[{"href":"https:\/\/predicare.com\/no\/wp-json\/wp\/v2\/media?parent=1017"}],"curies":[{"name":"wp","href":"https:\/\/api.w.org\/{rel}","templated":true}]}}