{"id":1041,"date":"2024-01-31T07:26:07","date_gmt":"2024-01-31T07:26:07","guid":{"rendered":"https:\/\/predicare.com\/?page_id=1041"},"modified":"2025-08-19T10:36:32","modified_gmt":"2025-08-19T10:36:32","slug":"kontakt-oss","status":"publish","type":"page","link":"https:\/\/predicare.com\/no\/kontakt-oss\/","title":{"rendered":"Kontakt oss"},"content":{"rendered":"\n\t<section class=\"block contact-us-wrap\">\n\t\t<div class=\"container\">\n\t\t\t\t\t\t<div class=\"row justify-content-center\">\n\t\t\t\t<div class=\"col-xxl-9\">\n\t\t\t\t\t<svg id=\"ContactIcon-Round-Blue\" xmlns=\"http:\/\/www.w3.org\/2000\/svg\" width=\"87\" height=\"87\" viewBox=\"0 0 87 87\">\n  <circle id=\"Ellipse_12\" data-name=\"Ellipse 12\" cx=\"43.5\" cy=\"43.5\" r=\"43.5\" fill=\"#027cc5\"\/>\n  <path id=\"stacked_email_FILL0_wght300_GRAD0_opsz24\" d=\"M72.09-793.865a3.974,3.974,0,0,1-2.922-1.2,3.974,3.974,0,0,1-1.2-2.922V-820.5a3.974,3.974,0,0,1,1.2-2.922,3.974,3.974,0,0,1,2.922-1.2h31.625a3.974,3.974,0,0,1,2.922,1.2,3.974,3.974,0,0,1,1.2,2.922v22.514a3.974,3.974,0,0,1-1.2,2.922,3.974,3.974,0,0,1-2.922,1.2ZM87.9-805.184,71.389-817.1v19.115a.682.682,0,0,0,.2.5.682.682,0,0,0,.5.2h31.625a.682.682,0,0,0,.5-.2.682.682,0,0,0,.2-.5V-817.1Zm0-4.179,16.294-11.7a.456.456,0,0,0-.142-.1.539.539,0,0,0-.208-.033H71.959a.485.485,0,0,0-.219.055.667.667,0,0,0-.175.12L87.9-809.362ZM64.118-785.893a3.974,3.974,0,0,1-2.922-1.2,3.974,3.974,0,0,1-1.2-2.922v-25.054h3.416v25.054a.682.682,0,0,0,.2.5.682.682,0,0,0,.5.2H99.729v3.417Zm40.3-31.31q0-1.112-.077-1.964t-.142-1.9a.456.456,0,0,0-.142-.1.539.539,0,0,0-.208-.033H71.959a.485.485,0,0,0-.219.055.667.667,0,0,0-.175.12q-.066,1.047-.12,1.888t-.055,1.932V-821.2h33.027Z\" transform=\"translate(-39.969 848.754)\" fill=\"#fff\"\/>\n<\/svg>\n\t\t\t\t\t<h1>Kontakt oss<\/h3>\n\t\t\t\t\t\t<div class=\"row  gx-md-5 gx-xl-5\">\n\t\t\t\t\t\t\t<div class=\"col-lg-6\">\n\t\t\t\t\t\t\t\t<h2>Kontakt Omda Predicare<\/h2>\n<p>For generelle sp\u00f8rsm\u00e5l, kontakt oss p\u00e5 denne e-postadressen:<\/p>\n<p><a href=\"mailto:hello@predicare.se\">hello@predicare.se<\/a><\/p>\n<p>Omda Predicare AB<br \/>\nSankt Eriksgatan 5<br \/>\nSE-411 05 Gothenburg,<br \/>\nSweden<\/p>\n\t\t\t\t\t\t\t<\/div>\n\t\t\t\t\t\t\t<div class=\"col-lg-6\">\n\t\t\t\t\t\t\t\t\t\t\t\t\t\t\t<\/div>\n\t\t\t\t\t\t<\/div>\n\t\t\t\t<\/div>\n\t\t\t<\/div>\n\n\n\n\t\t<\/div>\n\t<\/section>\n\n\n\n\t<section class=\"image-promo\">\n\t\t<div class=\"container\">\n\t\t\t<div class=\"cta-wrap\">\n\t\t\t\t\t\t\t\t\t<img decoding=\"async\" src=\"https:\/\/predicare.com\/wp-content\/uploads\/2025\/08\/Predicare_09-scaled.jpg\" alt=\"F\u00f8lg oss p\u00e5 LinkedIn\">\n\t\t\t\t\t\t\t\t<div class=\"content\">\n\t\t\t\t\t\t\t\t\t\t\t<h2>F\u00f8lg oss p\u00e5 LinkedIn<\/h2>\n\t\t\t\t\t\t\t\t\t\t<div class=\"button-group\">\n\t\t\t\t\t\t\t\t\t\t\t\t\t\t\t\t<a class=\"btn btn-primary\" href=\"https:\/\/www.linkedin.com\/company\/predicare-ab\/\">Omda Predicare p\u00e5 LinkedIn<\/a>\n\t\t\t\t\t\t\t\t\t\t<\/div>\n\t\t\t\t\n\t\t\t\t<\/div>\n\t\t\t<\/div>\n\t\t<\/div>\n\n\t<\/section>\n","protected":false},"excerpt":{"rendered":"","protected":false},"author":1,"featured_media":0,"parent":0,"menu_order":0,"comment_status":"closed","ping_status":"closed","template":"guternberg.php","meta":{"footnotes":""},"class_list":["post-1041","page","type-page","status-publish","hentry"],"acf":[],"yoast_head":"<!-- This site is optimized with the Yoast SEO plugin v21.9.1 - https:\/\/yoast.com\/wordpress\/plugins\/seo\/ -->\n<title>Kontakt oss - Omda Predicare<\/title>\n<meta name=\"robots\" content=\"index, follow, max-snippet:-1, max-image-preview:large, max-video-preview:-1\" \/>\n<link rel=\"canonical\" href=\"https:\/\/predicare.com\/no\/kontakt-oss\/\" \/>\n<meta property=\"og:locale\" content=\"nb_NO\" \/>\n<meta property=\"og:type\" content=\"article\" \/>\n<meta property=\"og:title\" content=\"Kontakt oss - Omda Predicare\" \/>\n<meta property=\"og:url\" content=\"https:\/\/predicare.com\/no\/kontakt-oss\/\" \/>\n<meta property=\"og:site_name\" content=\"Omda Predicare\" \/>\n<meta property=\"article:modified_time\" content=\"2025-08-19T10:36:32+00:00\" \/>\n<meta name=\"twitter:card\" content=\"summary_large_image\" \/>\n<script type=\"application\/ld+json\" class=\"yoast-schema-graph\">{\"@context\":\"https:\/\/schema.org\",\"@graph\":[{\"@type\":\"WebPage\",\"@id\":\"https:\/\/predicare.com\/no\/kontakt-oss\/\",\"url\":\"https:\/\/predicare.com\/no\/kontakt-oss\/\",\"name\":\"Kontakt oss - Omda Predicare\",\"isPartOf\":{\"@id\":\"https:\/\/predicare.com\/no\/#website\"},\"datePublished\":\"2024-01-31T07:26:07+00:00\",\"dateModified\":\"2025-08-19T10:36:32+00:00\",\"breadcrumb\":{\"@id\":\"https:\/\/predicare.com\/no\/kontakt-oss\/#breadcrumb\"},\"inLanguage\":\"nb-NO\",\"potentialAction\":[{\"@type\":\"ReadAction\",\"target\":[\"https:\/\/predicare.com\/no\/kontakt-oss\/\"]}]},{\"@type\":\"BreadcrumbList\",\"@id\":\"https:\/\/predicare.com\/no\/kontakt-oss\/#breadcrumb\",\"itemListElement\":[{\"@type\":\"ListItem\",\"position\":1,\"name\":\"Home\",\"item\":\"https:\/\/predicare.com\/no\/\"},{\"@type\":\"ListItem\",\"position\":2,\"name\":\"Kontakt oss\"}]},{\"@type\":\"WebSite\",\"@id\":\"https:\/\/predicare.com\/no\/#website\",\"url\":\"https:\/\/predicare.com\/no\/\",\"name\":\"Omda Predicare\",\"description\":\"\",\"publisher\":{\"@id\":\"https:\/\/predicare.com\/no\/#organization\"},\"potentialAction\":[{\"@type\":\"SearchAction\",\"target\":{\"@type\":\"EntryPoint\",\"urlTemplate\":\"https:\/\/predicare.com\/no\/?s={search_term_string}\"},\"query-input\":\"required name=search_term_string\"}],\"inLanguage\":\"nb-NO\"},{\"@type\":\"Organization\",\"@id\":\"https:\/\/predicare.com\/no\/#organization\",\"name\":\"Omda Predicare\",\"url\":\"https:\/\/predicare.com\/no\/\",\"logo\":{\"@type\":\"ImageObject\",\"inLanguage\":\"nb-NO\",\"@id\":\"https:\/\/predicare.com\/no\/#\/schema\/logo\/image\/\",\"url\":\"https:\/\/predicare.com\/wp-content\/uploads\/2025\/08\/Skarmbild-2025-08-19-094847.png\",\"contentUrl\":\"https:\/\/predicare.com\/wp-content\/uploads\/2025\/08\/Skarmbild-2025-08-19-094847.png\",\"width\":2157,\"height\":802,\"caption\":\"Omda Predicare\"},\"image\":{\"@id\":\"https:\/\/predicare.com\/no\/#\/schema\/logo\/image\/\"}}]}<\/script>\n<!-- \/ Yoast SEO plugin. -->","yoast_head_json":{"title":"Kontakt oss - Omda Predicare","robots":{"index":"index","follow":"follow","max-snippet":"max-snippet:-1","max-image-preview":"max-image-preview:large","max-video-preview":"max-video-preview:-1"},"canonical":"https:\/\/predicare.com\/no\/kontakt-oss\/","og_locale":"nb_NO","og_type":"article","og_title":"Kontakt oss - Omda Predicare","og_url":"https:\/\/predicare.com\/no\/kontakt-oss\/","og_site_name":"Omda Predicare","article_modified_time":"2025-08-19T10:36:32+00:00","twitter_card":"summary_large_image","schema":{"@context":"https:\/\/schema.org","@graph":[{"@type":"WebPage","@id":"https:\/\/predicare.com\/no\/kontakt-oss\/","url":"https:\/\/predicare.com\/no\/kontakt-oss\/","name":"Kontakt oss - Omda Predicare","isPartOf":{"@id":"https:\/\/predicare.com\/no\/#website"},"datePublished":"2024-01-31T07:26:07+00:00","dateModified":"2025-08-19T10:36:32+00:00","breadcrumb":{"@id":"https:\/\/predicare.com\/no\/kontakt-oss\/#breadcrumb"},"inLanguage":"nb-NO","potentialAction":[{"@type":"ReadAction","target":["https:\/\/predicare.com\/no\/kontakt-oss\/"]}]},{"@type":"BreadcrumbList","@id":"https:\/\/predicare.com\/no\/kontakt-oss\/#breadcrumb","itemListElement":[{"@type":"ListItem","position":1,"name":"Home","item":"https:\/\/predicare.com\/no\/"},{"@type":"ListItem","position":2,"name":"Kontakt oss"}]},{"@type":"WebSite","@id":"https:\/\/predicare.com\/no\/#website","url":"https:\/\/predicare.com\/no\/","name":"Omda Predicare","description":"","publisher":{"@id":"https:\/\/predicare.com\/no\/#organization"},"potentialAction":[{"@type":"SearchAction","target":{"@type":"EntryPoint","urlTemplate":"https:\/\/predicare.com\/no\/?s={search_term_string}"},"query-input":"required name=search_term_string"}],"inLanguage":"nb-NO"},{"@type":"Organization","@id":"https:\/\/predicare.com\/no\/#organization","name":"Omda Predicare","url":"https:\/\/predicare.com\/no\/","logo":{"@type":"ImageObject","inLanguage":"nb-NO","@id":"https:\/\/predicare.com\/no\/#\/schema\/logo\/image\/","url":"https:\/\/predicare.com\/wp-content\/uploads\/2025\/08\/Skarmbild-2025-08-19-094847.png","contentUrl":"https:\/\/predicare.com\/wp-content\/uploads\/2025\/08\/Skarmbild-2025-08-19-094847.png","width":2157,"height":802,"caption":"Omda Predicare"},"image":{"@id":"https:\/\/predicare.com\/no\/#\/schema\/logo\/image\/"}}]}},"_links":{"self":[{"href":"https:\/\/predicare.com\/no\/wp-json\/wp\/v2\/pages\/1041","targetHints":{"allow":["GET"]}}],"collection":[{"href":"https:\/\/predicare.com\/no\/wp-json\/wp\/v2\/pages"}],"about":[{"href":"https:\/\/predicare.com\/no\/wp-json\/wp\/v2\/types\/page"}],"author":[{"embeddable":true,"href":"https:\/\/predicare.com\/no\/wp-json\/wp\/v2\/users\/1"}],"replies":[{"embeddable":true,"href":"https:\/\/predicare.com\/no\/wp-json\/wp\/v2\/comments?post=1041"}],"version-history":[{"count":16,"href":"https:\/\/predicare.com\/no\/wp-json\/wp\/v2\/pages\/1041\/revisions"}],"predecessor-version":[{"id":1831,"href":"https:\/\/predicare.com\/no\/wp-json\/wp\/v2\/pages\/1041\/revisions\/1831"}],"wp:attachment":[{"href":"https:\/\/predicare.com\/no\/wp-json\/wp\/v2\/media?parent=1041"}],"curies":[{"name":"wp","href":"https:\/\/api.w.org\/{rel}","templated":true}]}}