{"id":1049,"date":"2024-01-30T11:39:38","date_gmt":"2024-01-30T11:39:38","guid":{"rendered":"https:\/\/predicare.com\/?page_id=1049"},"modified":"2025-08-19T11:21:05","modified_gmt":"2025-08-19T11:21:05","slug":"personopplysninger","status":"publish","type":"page","link":"https:\/\/predicare.com\/no\/personopplysninger\/","title":{"rendered":"Personopplysninger"},"content":{"rendered":"\n\t<section class=\"full-width-promo \">\n\t\t\t\t\t<img decoding=\"async\" src=\"https:\/\/predicare.com\/wp-content\/uploads\/2024\/01\/hero-header-3-scaled-1.jpg\" alt=\"Personopplysninger\">\n\t\t\t\t\n\t\t<div class=\"content\">\n\t\t\t\t\t\t\t<h2>Personopplysninger<\/h2>\n\t\t\t\t\t\t\t\t<\/div>\n\t<\/section>\n\n\n\n\t<section class=\"block single-column-content\">\n\t\t<div class=\"container\">\n\t\t\t<h3>1. Introduksjon<\/h3>\n<p>1.1 25. mai 2018 tr\u00e5dte den generelle databeskyttelsesforordningen (EU) 2016\/279 \u00abGDPR\u00bb i kraft. GDPR tar sikte p\u00e5 \u00e5 beskytte fysiske personers grunnleggende rettigheter og friheter, s\u00e6rlig deres rett til beskyttelse av personopplysninger. Omda Predicare AB beskytter din personlige integritet, og det er viktig for oss at du f\u00f8ler deg trygg p\u00e5 hvordan vi h\u00e5ndterer dine personopplysninger.<\/p>\n<p>1.2 I denne personvernerkl\u00e6ringen forklarer vi hvordan vi, som behandlingsansvarlig for dine personopplysninger, behandler dine personopplysninger i samsvar med personvernforordningen. Vi oppgir hvilke personopplysninger vi behandler og hvilke grunner som er grunnlaget for behandlingen. Vi forteller deg ogs\u00e5 hvordan du kan f\u00e5 tilgang til dine personopplysninger og hvordan du uttrykker dine synspunkter til oss om behandlingen.<\/p>\n<h4>2. Hvilke personopplysninger vi behandler, form\u00e5l og rettslig grunnlag<\/h4>\n<p>2.1 Representanter fra bedrifter\/organisasjoner<\/p>\n<p>Omda Predicare AB behandler informasjon om deg som vi trenger for \u00e5 kunne kontakte deg som representant for et selskap\/organisasjon. Din informasjon er ofte samlet inn fra deg direkte eller fra selskapet \/ organisasjonen du representerer.<\/p>\n<div class=\"wp-block-table\">\n<table>\n<tbody>\n<tr>\n<th>KATEGORI AV PERSONOPPLYSNINGER<\/th>\n<th>FORM\u00c5L MED BEHANDLINGEN<\/th>\n<th>RETTSLIG GRUNNLAG<\/th>\n<\/tr>\n<tr>\n<td>Person-og kontaktinformasjon(navn, e-post, adresse, telefon,e-postadresse, funksjon hos firmaet\/organisasjonen)<\/td>\n<td>Behandlingen er n\u00f8dvendig for \u00e5 kunne kommunisere med selskapet\/organisasjonen om administrasjon og utf\u00f8relse av tjenester, levering av varer, tekniske<br \/>\nforhold mv. Form\u00e5let med behandlingen er \u00e5kunne oppfylle lovkrav, for eksempel regnskapsplikt. Form\u00e5let med behandlingen er \u00e5 muliggj\u00f8re markedsf\u00f8ring og kommunikasjon med selskapet\/organisasjonen.<\/td>\n<td>Behandlingen er n\u00f8dvendig for \u00e5 oppfylle en avtale med selskapet\/organisasjonen. Omda Predicare AB har en legitim interesse i \u00e5 oppfylle avtalen ogadministrere forretningsforholdet med selskapet\/organisasjonen (interesseavveining). Behandlingen er n\u00f8dvendig for \u00e5 oppfylle selskapets juridiske forpliktelser. Omda Predicare AB har en berettiget interesse i \u00e5 kunne markedsf\u00f8re selskapet og dets produkter\/tjenester til potensielle kunder, partnere, leverand\u00f8rer og andre.<\/td>\n<\/tr>\n<\/tbody>\n<\/table>\n<\/div>\n<p>2.2 Folk som s\u00f8ker jobb hos oss<\/p>\n<div class=\"wp-block-table\">\n<table>\n<tbody>\n<tr>\n<th>KATEGORI AV PERSONOPPLYSNINGER<\/th>\n<th>FORM\u00c5L MED BEHANDLINGEN<\/th>\n<th>RETTSLIG GRUNNLAG<\/th>\n<\/tr>\n<tr>\n<td>Kontaktinformasjon som navn,adresse, telefonnummer, epostadresse, CV og eventuelt personlig brev.<\/td>\n<td>Form\u00e5let med behandlingen er \u00e5 kunne oppfylle selskapets rekrutteringsbehov.<\/td>\n<td>Behandlingen er n\u00f8dvendig for virksomhetens berettigede interesse i \u00e5 rekruttere riktig personell til selskapet (interesseavveining).<\/td>\n<\/tr>\n<\/tbody>\n<\/table>\n<\/div>\n<p>2.3 Sluttbrukere av systemet Retts<\/p>\n<div class=\"wp-block-table\">\n<table>\n<tbody>\n<tr>\n<th>KATEGORI AV PERSONOPPLYSNINGER<\/th>\n<th>FORM\u00c5L MED BEHANDLINGEN<\/th>\n<th>RETTSLIG GRUNNLAG<\/th>\n<\/tr>\n<tr>\n<td>Person- og kontaktinformasjon som navn og e-postadresse.<\/td>\n<td>Form\u00e5let med behandlingen er \u00e5 kunne opprette brukerkontoer for sluttbrukere i systemet RETTS og \u00e5 kunne tilby support i systemet.<\/td>\n<td>Omda Predicare AB har en berettiget interesse (interesseavveining) i \u00e5 behandle sluttbrukernes kontaktinformasjon, for \u00e5 kunne levere Retts-tjenesten til sinekunder og tilby support til sluttbrukere.<\/td>\n<\/tr>\n<\/tbody>\n<\/table>\n<\/div>\n<p>2.4 Folk som kontakter oss spontant<\/p>\n<div class=\"wp-block-table\">\n<table>\n<tbody>\n<tr>\n<th>KATEGORI AV PERSONOPPLYSNINGER<\/th>\n<th>FORM\u00c5L MED BEHANDLINGEN<\/th>\n<th>RETTSLIG GRUNNLAG<\/th>\n<\/tr>\n<tr>\n<td>Person- og kontaktinformasjon som navn, tittel, adresse, epostadresse og telefonnummer.<\/td>\n<td>For \u00e5 muliggj\u00f8re og forenkle kommunikasjon med potensielle kunder, leverand\u00f8rer, partnere og andre interessenter, samt personer som kontakter selskapet spontant, for eksempel via supportsystemet.Hensikten er ogs\u00e5 \u00e5 kunne tilby st\u00f8tte til sluttbrukere av RETTS.<\/td>\n<td>Behandlingen er n\u00f8dvendig for virksomhetens berettigede interesse (interesseavveining) i \u00e5 kunne kommunisere med potensielle kunder,leverand\u00f8rer, samarbeidspartnere og andre interessenter.Videre har bedriften en berettiget interesse i \u00e5 kunne kommunisere med personer som har etterspurt st\u00f8tte i hjelpeapparatet.<\/td>\n<\/tr>\n<\/tbody>\n<\/table>\n<\/div>\n<h4>3. Hvor samler vi inn personopplysningene dine fra?<\/h4>\n<p>3.1 Omda Predicare AB behandler personopplysninger som du har gitt oss n\u00e5r du kontakter oss .Vi kan ogs\u00e5 innhente informasjon fra offentlige registre.<\/p>\n<h4>4. Hvem deler vi personopplysningene dine med?<\/h4>\n<p>4.1 Omda Predicare AB deler informasjon med p\u00e5litelige leverand\u00f8rer som hjelper oss med \u00e5 drive nettstedet v\u00e5rt og h\u00e5ndtere regnskaps- og l\u00f8nnsadministrasjon. Med disse partene er det personopplysningsbehandleravtaler som regulerer hvordan personopplysninger kan brukes og hvordan de beskyttes. Vi kan ogs\u00e5 dele dine personopplysninger hvis vi finner det n\u00f8dvendig p\u00e5 grunn av juridiske krav.<\/p>\n<h4>5. Overf\u00f8ring til tredjeland<\/h4>\n<p>5.1 Omda Predicare AB behandler kun dine personopplysninger innenfor EU\/E\u00d8S, dvs.personopplysninger overf\u00f8res ikke til tredjeland.<\/p>\n<h4>6. Hvor lenge lagrer vi personopplysningene dine?<\/h4>\n<p>6.1 Vi lagrer ikke personopplysningene dine lenger enn det som er n\u00f8dvendig med hensyn til form\u00e5let personopplysningene behandles for. Noen personopplysninger lagres s\u00e5 lenge det er n\u00f8dvendig for \u00e5 kunne overholde lovbestemmelser, for eksempel etter bokf\u00f8ringsloven.<\/p>\n<h4>7. Sikkerhet og beskyttelse<\/h4>\n<p>7.1 Omda Predicare AB har tatt tilstrekkelige tekniske og organisatoriske sikkerhetstiltak for \u00e5 beskytte dine personopplysninger mot uautorisert tilgang, endring eller avsl\u00f8ring.<\/p>\n<h4>8. Dine rettigheter<\/h4>\n<p>8.1 Uansett hvilke personopplysninger vi har lagret om deg, b\u00f8r du alltid ha kontroll over dine egne personopplysninger. Derfor, i henhold til den generelle databeskyttelsesforordningen, har du f\u00f8lgende rettigheter<br \/>\n8.1.1 Rett til innsyn og innsyn (\u00abregisterutdrag\u00bb) \u2013 Du kan be om utdrag av registrerte personopplysninger og verifisere informasjonen vi har om deg.<br \/>\n8.1.2 Rett til korrigering \u2013 Du har rett til \u00e5 f\u00e5 uriktige eller ufullstendige opplysninger om deg korrigert.<br \/>\n8.1.3 Rett til \u00e5 bli glemt \u2013 Du har rett til \u00e5 be om \u00e5 f\u00e5 dine personlige data slettet hvis dataene ikke lenger er n\u00f8dvendige for form\u00e5let de ble samlet inn for. Men hvis dataene lagres p\u00e5 grunn av en juridisk forpliktelse til \u00e5 lagre viss informasjon, har du ikke rett til sletting.<br \/>\n8.1.4 Rett til begrensning \u2013 Du har rett til \u00e5 begrense videre behandling, for eksempel hvis du stiller sp\u00f8rsm\u00e5l ved om behandlingen er lovlig.<br \/>\n8.1.5 Rett til dataportabilitet \u2013 dvs. rett til \u00e5 f\u00e5 noen av dine personopplysninger overf\u00f8rt til en annen behandlingsansvarlig.<br \/>\n8.1.6 Rett til \u00e5 protestere \u2013 Du har alltid rett til \u00e5 stoppe direkte markedsf\u00f8ring eller motsette deg slik behandling av personopplysninger basert p\u00e5 en interesseavveining.<\/p>\n<h4>9. Hvis du er misforn\u00f8yd med v\u00e5r behandling av dine personopplysninger<\/h4>\n<p>9.1 Hvis du er misforn\u00f8yd med v\u00e5r behandling av dine personopplysninger, har du rett til \u00e5 sende inn en klage til den svenske myndigheten for personvern (IMY).<\/p>\n<h4>10. Endringer i denne personvernerkl\u00e6ringen<\/h4>\n<p>10.1 Vi forbeholder oss retten til \u00e5 oppdatere eller endre denne policyen etter behov. Du b\u00f8r regelmessig bes\u00f8ke nettstedet for \u00e5 f\u00e5 den nyeste versjonen.<\/p>\n<h4>11. Slik kontakter du oss<\/h4>\n<p>11.1 Har du sp\u00f8rsm\u00e5l ang\u00e5ende v\u00e5r behandling av personopplysninger eller \u00f8nsker du \u00e5 ut\u00f8ve noen av dine rettigheter knyttet til behandlingen av dine personopplysninger. Ta kontakt med<br \/>\nBehandlingsansvarlig for personopplysninger: Omda Predicare AB<br \/>\nKorporativ: 556825-1408<br \/>\nAdresse: Sankt Eriksgatan 5, SE-411 05 G\u00f6teborg, Sweden<br \/>\nE-post: hello@predicare.se<\/p>\n\t\t<\/div>\n\t<\/section>\n","protected":false},"excerpt":{"rendered":"","protected":false},"author":1,"featured_media":0,"parent":0,"menu_order":0,"comment_status":"closed","ping_status":"closed","template":"guternberg.php","meta":{"footnotes":""},"class_list":["post-1049","page","type-page","status-publish","hentry"],"acf":[],"yoast_head":"<!-- This site is optimized with the Yoast SEO plugin v21.9.1 - https:\/\/yoast.com\/wordpress\/plugins\/seo\/ -->\n<title>Personopplysninger - Omda Predicare<\/title>\n<meta name=\"robots\" content=\"index, follow, max-snippet:-1, max-image-preview:large, max-video-preview:-1\" \/>\n<link rel=\"canonical\" href=\"https:\/\/predicare.com\/no\/personopplysninger\/\" \/>\n<meta property=\"og:locale\" content=\"nb_NO\" \/>\n<meta property=\"og:type\" content=\"article\" \/>\n<meta property=\"og:title\" content=\"Personopplysninger - Omda Predicare\" \/>\n<meta property=\"og:url\" content=\"https:\/\/predicare.com\/no\/personopplysninger\/\" \/>\n<meta property=\"og:site_name\" content=\"Omda Predicare\" \/>\n<meta property=\"article:modified_time\" content=\"2025-08-19T11:21:05+00:00\" \/>\n<meta name=\"twitter:card\" content=\"summary_large_image\" \/>\n<script type=\"application\/ld+json\" class=\"yoast-schema-graph\">{\"@context\":\"https:\/\/schema.org\",\"@graph\":[{\"@type\":\"WebPage\",\"@id\":\"https:\/\/predicare.com\/no\/personopplysninger\/\",\"url\":\"https:\/\/predicare.com\/no\/personopplysninger\/\",\"name\":\"Personopplysninger - Omda Predicare\",\"isPartOf\":{\"@id\":\"https:\/\/predicare.com\/no\/#website\"},\"datePublished\":\"2024-01-30T11:39:38+00:00\",\"dateModified\":\"2025-08-19T11:21:05+00:00\",\"breadcrumb\":{\"@id\":\"https:\/\/predicare.com\/no\/personopplysninger\/#breadcrumb\"},\"inLanguage\":\"nb-NO\",\"potentialAction\":[{\"@type\":\"ReadAction\",\"target\":[\"https:\/\/predicare.com\/no\/personopplysninger\/\"]}]},{\"@type\":\"BreadcrumbList\",\"@id\":\"https:\/\/predicare.com\/no\/personopplysninger\/#breadcrumb\",\"itemListElement\":[{\"@type\":\"ListItem\",\"position\":1,\"name\":\"Home\",\"item\":\"https:\/\/predicare.com\/no\/\"},{\"@type\":\"ListItem\",\"position\":2,\"name\":\"Personopplysninger\"}]},{\"@type\":\"WebSite\",\"@id\":\"https:\/\/predicare.com\/no\/#website\",\"url\":\"https:\/\/predicare.com\/no\/\",\"name\":\"Omda Predicare\",\"description\":\"\",\"publisher\":{\"@id\":\"https:\/\/predicare.com\/no\/#organization\"},\"potentialAction\":[{\"@type\":\"SearchAction\",\"target\":{\"@type\":\"EntryPoint\",\"urlTemplate\":\"https:\/\/predicare.com\/no\/?s={search_term_string}\"},\"query-input\":\"required name=search_term_string\"}],\"inLanguage\":\"nb-NO\"},{\"@type\":\"Organization\",\"@id\":\"https:\/\/predicare.com\/no\/#organization\",\"name\":\"Omda Predicare\",\"url\":\"https:\/\/predicare.com\/no\/\",\"logo\":{\"@type\":\"ImageObject\",\"inLanguage\":\"nb-NO\",\"@id\":\"https:\/\/predicare.com\/no\/#\/schema\/logo\/image\/\",\"url\":\"https:\/\/predicare.com\/wp-content\/uploads\/2025\/08\/Skarmbild-2025-08-19-094847.png\",\"contentUrl\":\"https:\/\/predicare.com\/wp-content\/uploads\/2025\/08\/Skarmbild-2025-08-19-094847.png\",\"width\":2157,\"height\":802,\"caption\":\"Omda Predicare\"},\"image\":{\"@id\":\"https:\/\/predicare.com\/no\/#\/schema\/logo\/image\/\"}}]}<\/script>\n<!-- \/ Yoast SEO plugin. -->","yoast_head_json":{"title":"Personopplysninger - Omda Predicare","robots":{"index":"index","follow":"follow","max-snippet":"max-snippet:-1","max-image-preview":"max-image-preview:large","max-video-preview":"max-video-preview:-1"},"canonical":"https:\/\/predicare.com\/no\/personopplysninger\/","og_locale":"nb_NO","og_type":"article","og_title":"Personopplysninger - Omda Predicare","og_url":"https:\/\/predicare.com\/no\/personopplysninger\/","og_site_name":"Omda Predicare","article_modified_time":"2025-08-19T11:21:05+00:00","twitter_card":"summary_large_image","schema":{"@context":"https:\/\/schema.org","@graph":[{"@type":"WebPage","@id":"https:\/\/predicare.com\/no\/personopplysninger\/","url":"https:\/\/predicare.com\/no\/personopplysninger\/","name":"Personopplysninger - Omda Predicare","isPartOf":{"@id":"https:\/\/predicare.com\/no\/#website"},"datePublished":"2024-01-30T11:39:38+00:00","dateModified":"2025-08-19T11:21:05+00:00","breadcrumb":{"@id":"https:\/\/predicare.com\/no\/personopplysninger\/#breadcrumb"},"inLanguage":"nb-NO","potentialAction":[{"@type":"ReadAction","target":["https:\/\/predicare.com\/no\/personopplysninger\/"]}]},{"@type":"BreadcrumbList","@id":"https:\/\/predicare.com\/no\/personopplysninger\/#breadcrumb","itemListElement":[{"@type":"ListItem","position":1,"name":"Home","item":"https:\/\/predicare.com\/no\/"},{"@type":"ListItem","position":2,"name":"Personopplysninger"}]},{"@type":"WebSite","@id":"https:\/\/predicare.com\/no\/#website","url":"https:\/\/predicare.com\/no\/","name":"Omda Predicare","description":"","publisher":{"@id":"https:\/\/predicare.com\/no\/#organization"},"potentialAction":[{"@type":"SearchAction","target":{"@type":"EntryPoint","urlTemplate":"https:\/\/predicare.com\/no\/?s={search_term_string}"},"query-input":"required name=search_term_string"}],"inLanguage":"nb-NO"},{"@type":"Organization","@id":"https:\/\/predicare.com\/no\/#organization","name":"Omda Predicare","url":"https:\/\/predicare.com\/no\/","logo":{"@type":"ImageObject","inLanguage":"nb-NO","@id":"https:\/\/predicare.com\/no\/#\/schema\/logo\/image\/","url":"https:\/\/predicare.com\/wp-content\/uploads\/2025\/08\/Skarmbild-2025-08-19-094847.png","contentUrl":"https:\/\/predicare.com\/wp-content\/uploads\/2025\/08\/Skarmbild-2025-08-19-094847.png","width":2157,"height":802,"caption":"Omda Predicare"},"image":{"@id":"https:\/\/predicare.com\/no\/#\/schema\/logo\/image\/"}}]}},"_links":{"self":[{"href":"https:\/\/predicare.com\/no\/wp-json\/wp\/v2\/pages\/1049","targetHints":{"allow":["GET"]}}],"collection":[{"href":"https:\/\/predicare.com\/no\/wp-json\/wp\/v2\/pages"}],"about":[{"href":"https:\/\/predicare.com\/no\/wp-json\/wp\/v2\/types\/page"}],"author":[{"embeddable":true,"href":"https:\/\/predicare.com\/no\/wp-json\/wp\/v2\/users\/1"}],"replies":[{"embeddable":true,"href":"https:\/\/predicare.com\/no\/wp-json\/wp\/v2\/comments?post=1049"}],"version-history":[{"count":11,"href":"https:\/\/predicare.com\/no\/wp-json\/wp\/v2\/pages\/1049\/revisions"}],"predecessor-version":[{"id":1834,"href":"https:\/\/predicare.com\/no\/wp-json\/wp\/v2\/pages\/1049\/revisions\/1834"}],"wp:attachment":[{"href":"https:\/\/predicare.com\/no\/wp-json\/wp\/v2\/media?parent=1049"}],"curies":[{"name":"wp","href":"https:\/\/api.w.org\/{rel}","templated":true}]}}