{"id":1174,"date":"2024-02-06T05:42:44","date_gmt":"2024-02-06T05:42:44","guid":{"rendered":"https:\/\/predicare.com\/?page_id=1174"},"modified":"2025-08-19T10:06:23","modified_gmt":"2025-08-19T10:06:23","slug":"404-side","status":"publish","type":"page","link":"https:\/\/predicare.com\/no\/404-side\/","title":{"rendered":"404 side"},"content":{"rendered":"\n\t<section class=\"full-section-promo\">\n\t\t<div class=\"container\">\n\t\t\t<div class=\"row gx-md-5 gx-xl-6 align-items-center flex-row-reverse\">\n\t\t\t\t<div class=\"col-lg-5\">\n\t\t\t\t\t\t\t\t\t\t\t<img decoding=\"async\" src=\"https:\/\/predicare.com\/wp-content\/uploads\/2025\/08\/Predicare_09-scaled.jpg\" alt=\"\">\n\t\t\t\t\t\t\t\t\t<\/div>\n\t\t\t\t<div class=\"col-lg-7\">\n\t\t\t\t\t<h2>404 &#8211; Er du tapt? <\/h2><p><strong>Vi kunne ikke finne siden du leter etter. Du kan ha skrevet inn feil URL, eller funnet en \u00f8delagt kobling et sted.<\/strong><\/p>\n<p>Bruk navigasjonsmenyen eller s\u00f8k \u00f8verst p\u00e5 denne siden for \u00e5 finne informasjonen du leter etter, eller g\u00e5 tilbake til v\u00e5r <a href=\"https:\/\/predicare.se\/no\">hjemmeside<\/a><\/p>\n\t\t\t\t<\/div>\n\t\t\t<\/div>\n\t\t<\/div>\n\t<\/section>\n","protected":false},"excerpt":{"rendered":"","protected":false},"author":1,"featured_media":0,"parent":0,"menu_order":0,"comment_status":"closed","ping_status":"closed","template":"404.php","meta":{"footnotes":""},"class_list":["post-1174","page","type-page","status-publish","hentry"],"acf":[],"yoast_head":"<!-- This site is optimized with the Yoast SEO plugin v21.9.1 - https:\/\/yoast.com\/wordpress\/plugins\/seo\/ -->\n<title>404 side - Omda Predicare<\/title>\n<meta name=\"robots\" content=\"index, follow, max-snippet:-1, max-image-preview:large, max-video-preview:-1\" \/>\n<link rel=\"canonical\" href=\"https:\/\/predicare.com\/no\/404-side\/\" \/>\n<meta property=\"og:locale\" content=\"nb_NO\" \/>\n<meta property=\"og:type\" content=\"article\" \/>\n<meta property=\"og:title\" content=\"404 side - Omda Predicare\" \/>\n<meta property=\"og:url\" content=\"https:\/\/predicare.com\/no\/404-side\/\" \/>\n<meta property=\"og:site_name\" content=\"Omda Predicare\" \/>\n<meta property=\"article:modified_time\" content=\"2025-08-19T10:06:23+00:00\" \/>\n<meta name=\"twitter:card\" content=\"summary_large_image\" \/>\n<script type=\"application\/ld+json\" class=\"yoast-schema-graph\">{\"@context\":\"https:\/\/schema.org\",\"@graph\":[{\"@type\":\"WebPage\",\"@id\":\"https:\/\/predicare.com\/no\/404-side\/\",\"url\":\"https:\/\/predicare.com\/no\/404-side\/\",\"name\":\"404 side - Omda Predicare\",\"isPartOf\":{\"@id\":\"https:\/\/predicare.com\/no\/#website\"},\"datePublished\":\"2024-02-06T05:42:44+00:00\",\"dateModified\":\"2025-08-19T10:06:23+00:00\",\"breadcrumb\":{\"@id\":\"https:\/\/predicare.com\/no\/404-side\/#breadcrumb\"},\"inLanguage\":\"nb-NO\",\"potentialAction\":[{\"@type\":\"ReadAction\",\"target\":[\"https:\/\/predicare.com\/no\/404-side\/\"]}]},{\"@type\":\"BreadcrumbList\",\"@id\":\"https:\/\/predicare.com\/no\/404-side\/#breadcrumb\",\"itemListElement\":[{\"@type\":\"ListItem\",\"position\":1,\"name\":\"Home\",\"item\":\"https:\/\/predicare.com\/no\/\"},{\"@type\":\"ListItem\",\"position\":2,\"name\":\"404 side\"}]},{\"@type\":\"WebSite\",\"@id\":\"https:\/\/predicare.com\/no\/#website\",\"url\":\"https:\/\/predicare.com\/no\/\",\"name\":\"Omda Predicare\",\"description\":\"\",\"publisher\":{\"@id\":\"https:\/\/predicare.com\/no\/#organization\"},\"potentialAction\":[{\"@type\":\"SearchAction\",\"target\":{\"@type\":\"EntryPoint\",\"urlTemplate\":\"https:\/\/predicare.com\/no\/?s={search_term_string}\"},\"query-input\":\"required name=search_term_string\"}],\"inLanguage\":\"nb-NO\"},{\"@type\":\"Organization\",\"@id\":\"https:\/\/predicare.com\/no\/#organization\",\"name\":\"Omda Predicare\",\"url\":\"https:\/\/predicare.com\/no\/\",\"logo\":{\"@type\":\"ImageObject\",\"inLanguage\":\"nb-NO\",\"@id\":\"https:\/\/predicare.com\/no\/#\/schema\/logo\/image\/\",\"url\":\"https:\/\/predicare.com\/wp-content\/uploads\/2025\/08\/Skarmbild-2025-08-19-094847.png\",\"contentUrl\":\"https:\/\/predicare.com\/wp-content\/uploads\/2025\/08\/Skarmbild-2025-08-19-094847.png\",\"width\":2157,\"height\":802,\"caption\":\"Omda Predicare\"},\"image\":{\"@id\":\"https:\/\/predicare.com\/no\/#\/schema\/logo\/image\/\"}}]}<\/script>\n<!-- \/ Yoast SEO plugin. -->","yoast_head_json":{"title":"404 side - Omda Predicare","robots":{"index":"index","follow":"follow","max-snippet":"max-snippet:-1","max-image-preview":"max-image-preview:large","max-video-preview":"max-video-preview:-1"},"canonical":"https:\/\/predicare.com\/no\/404-side\/","og_locale":"nb_NO","og_type":"article","og_title":"404 side - Omda Predicare","og_url":"https:\/\/predicare.com\/no\/404-side\/","og_site_name":"Omda Predicare","article_modified_time":"2025-08-19T10:06:23+00:00","twitter_card":"summary_large_image","schema":{"@context":"https:\/\/schema.org","@graph":[{"@type":"WebPage","@id":"https:\/\/predicare.com\/no\/404-side\/","url":"https:\/\/predicare.com\/no\/404-side\/","name":"404 side - Omda Predicare","isPartOf":{"@id":"https:\/\/predicare.com\/no\/#website"},"datePublished":"2024-02-06T05:42:44+00:00","dateModified":"2025-08-19T10:06:23+00:00","breadcrumb":{"@id":"https:\/\/predicare.com\/no\/404-side\/#breadcrumb"},"inLanguage":"nb-NO","potentialAction":[{"@type":"ReadAction","target":["https:\/\/predicare.com\/no\/404-side\/"]}]},{"@type":"BreadcrumbList","@id":"https:\/\/predicare.com\/no\/404-side\/#breadcrumb","itemListElement":[{"@type":"ListItem","position":1,"name":"Home","item":"https:\/\/predicare.com\/no\/"},{"@type":"ListItem","position":2,"name":"404 side"}]},{"@type":"WebSite","@id":"https:\/\/predicare.com\/no\/#website","url":"https:\/\/predicare.com\/no\/","name":"Omda Predicare","description":"","publisher":{"@id":"https:\/\/predicare.com\/no\/#organization"},"potentialAction":[{"@type":"SearchAction","target":{"@type":"EntryPoint","urlTemplate":"https:\/\/predicare.com\/no\/?s={search_term_string}"},"query-input":"required name=search_term_string"}],"inLanguage":"nb-NO"},{"@type":"Organization","@id":"https:\/\/predicare.com\/no\/#organization","name":"Omda Predicare","url":"https:\/\/predicare.com\/no\/","logo":{"@type":"ImageObject","inLanguage":"nb-NO","@id":"https:\/\/predicare.com\/no\/#\/schema\/logo\/image\/","url":"https:\/\/predicare.com\/wp-content\/uploads\/2025\/08\/Skarmbild-2025-08-19-094847.png","contentUrl":"https:\/\/predicare.com\/wp-content\/uploads\/2025\/08\/Skarmbild-2025-08-19-094847.png","width":2157,"height":802,"caption":"Omda Predicare"},"image":{"@id":"https:\/\/predicare.com\/no\/#\/schema\/logo\/image\/"}}]}},"_links":{"self":[{"href":"https:\/\/predicare.com\/no\/wp-json\/wp\/v2\/pages\/1174","targetHints":{"allow":["GET"]}}],"collection":[{"href":"https:\/\/predicare.com\/no\/wp-json\/wp\/v2\/pages"}],"about":[{"href":"https:\/\/predicare.com\/no\/wp-json\/wp\/v2\/types\/page"}],"author":[{"embeddable":true,"href":"https:\/\/predicare.com\/no\/wp-json\/wp\/v2\/users\/1"}],"replies":[{"embeddable":true,"href":"https:\/\/predicare.com\/no\/wp-json\/wp\/v2\/comments?post=1174"}],"version-history":[{"count":8,"href":"https:\/\/predicare.com\/no\/wp-json\/wp\/v2\/pages\/1174\/revisions"}],"predecessor-version":[{"id":1772,"href":"https:\/\/predicare.com\/no\/wp-json\/wp\/v2\/pages\/1174\/revisions\/1772"}],"wp:attachment":[{"href":"https:\/\/predicare.com\/no\/wp-json\/wp\/v2\/media?parent=1174"}],"curies":[{"name":"wp","href":"https:\/\/api.w.org\/{rel}","templated":true}]}}