{"id":1171,"date":"2024-02-06T05:42:44","date_gmt":"2024-02-06T05:42:44","guid":{"rendered":"https:\/\/predicare.com\/?page_id=1171"},"modified":"2025-08-19T10:07:00","modified_gmt":"2025-08-19T10:07:00","slug":"404-sida","status":"publish","type":"page","link":"https:\/\/predicare.com\/sv\/404-sida\/","title":{"rendered":"404 sida"},"content":{"rendered":"\n\t<section class=\"full-section-promo\">\n\t\t<div class=\"container\">\n\t\t\t<div class=\"row gx-md-5 gx-xl-6 align-items-center flex-row-reverse\">\n\t\t\t\t<div class=\"col-lg-5\">\n\t\t\t\t\t\t\t\t\t\t\t<img decoding=\"async\" src=\"https:\/\/predicare.com\/wp-content\/uploads\/2025\/08\/Predicare_09-scaled.jpg\" alt=\"\">\n\t\t\t\t\t\t\t\t\t<\/div>\n\t\t\t\t<div class=\"col-lg-7\">\n\t\t\t\t\t<h2>404 &#8211; \u00c4r du vilse? <\/h2><p><strong><span class=\"HwtZe\" lang=\"sv\"><span class=\"jCAhz ChMk0b\"><span class=\"ryNqvb\">Vi kunde inte hitta sidan du letade efter.<\/span><\/span> <span class=\"jCAhz ChMk0b\"><span class=\"ryNqvb\">Du kanske har skrivit in fel URL eller hittat en trasig l\u00e4nk n\u00e5gonstans.<\/span><\/span> <\/span><\/strong><\/p>\n<p><span class=\"HwtZe\" lang=\"sv\"><span class=\"jCAhz ChMk0b\"><span class=\"ryNqvb\">Anv\u00e4nd navigeringsmenyn eller s\u00f6k l\u00e4ngst upp p\u00e5 denna sida f\u00f6r att hitta den information du letar efter, eller g\u00e5 tillbaka till v\u00e5r <a href=\"https:\/\/predicare.com\/sv\/\">hemsida<\/a><\/span><\/span><\/span><\/p>\n\t\t\t\t<\/div>\n\t\t\t<\/div>\n\t\t<\/div>\n\t<\/section>\n","protected":false},"excerpt":{"rendered":"","protected":false},"author":1,"featured_media":0,"parent":0,"menu_order":0,"comment_status":"closed","ping_status":"closed","template":"404.php","meta":{"footnotes":""},"class_list":["post-1171","page","type-page","status-publish","hentry"],"acf":[],"yoast_head":"<!-- This site is optimized with the Yoast SEO plugin v21.9.1 - https:\/\/yoast.com\/wordpress\/plugins\/seo\/ -->\n<title>404 sida - Omda Predicare<\/title>\n<meta name=\"robots\" content=\"index, follow, max-snippet:-1, max-image-preview:large, max-video-preview:-1\" \/>\n<link rel=\"canonical\" href=\"https:\/\/predicare.com\/sv\/404-sida\/\" \/>\n<meta property=\"og:locale\" content=\"sv_SE\" \/>\n<meta property=\"og:type\" content=\"article\" \/>\n<meta property=\"og:title\" content=\"404 sida - Omda Predicare\" \/>\n<meta property=\"og:url\" content=\"https:\/\/predicare.com\/sv\/404-sida\/\" \/>\n<meta property=\"og:site_name\" content=\"Omda Predicare\" \/>\n<meta property=\"article:modified_time\" content=\"2025-08-19T10:07:00+00:00\" \/>\n<meta name=\"twitter:card\" content=\"summary_large_image\" \/>\n<script type=\"application\/ld+json\" class=\"yoast-schema-graph\">{\"@context\":\"https:\/\/schema.org\",\"@graph\":[{\"@type\":\"WebPage\",\"@id\":\"https:\/\/predicare.com\/sv\/404-sida\/\",\"url\":\"https:\/\/predicare.com\/sv\/404-sida\/\",\"name\":\"404 sida - Omda Predicare\",\"isPartOf\":{\"@id\":\"https:\/\/predicare.com\/sv\/#website\"},\"datePublished\":\"2024-02-06T05:42:44+00:00\",\"dateModified\":\"2025-08-19T10:07:00+00:00\",\"breadcrumb\":{\"@id\":\"https:\/\/predicare.com\/sv\/404-sida\/#breadcrumb\"},\"inLanguage\":\"sv-SE\",\"potentialAction\":[{\"@type\":\"ReadAction\",\"target\":[\"https:\/\/predicare.com\/sv\/404-sida\/\"]}]},{\"@type\":\"BreadcrumbList\",\"@id\":\"https:\/\/predicare.com\/sv\/404-sida\/#breadcrumb\",\"itemListElement\":[{\"@type\":\"ListItem\",\"position\":1,\"name\":\"Home\",\"item\":\"https:\/\/predicare.com\/sv\/\"},{\"@type\":\"ListItem\",\"position\":2,\"name\":\"404 sida\"}]},{\"@type\":\"WebSite\",\"@id\":\"https:\/\/predicare.com\/sv\/#website\",\"url\":\"https:\/\/predicare.com\/sv\/\",\"name\":\"Omda Predicare\",\"description\":\"\",\"publisher\":{\"@id\":\"https:\/\/predicare.com\/sv\/#organization\"},\"potentialAction\":[{\"@type\":\"SearchAction\",\"target\":{\"@type\":\"EntryPoint\",\"urlTemplate\":\"https:\/\/predicare.com\/sv\/?s={search_term_string}\"},\"query-input\":\"required name=search_term_string\"}],\"inLanguage\":\"sv-SE\"},{\"@type\":\"Organization\",\"@id\":\"https:\/\/predicare.com\/sv\/#organization\",\"name\":\"Omda Predicare\",\"url\":\"https:\/\/predicare.com\/sv\/\",\"logo\":{\"@type\":\"ImageObject\",\"inLanguage\":\"sv-SE\",\"@id\":\"https:\/\/predicare.com\/sv\/#\/schema\/logo\/image\/\",\"url\":\"https:\/\/predicare.com\/wp-content\/uploads\/2025\/08\/Skarmbild-2025-08-19-094847.png\",\"contentUrl\":\"https:\/\/predicare.com\/wp-content\/uploads\/2025\/08\/Skarmbild-2025-08-19-094847.png\",\"width\":2157,\"height\":802,\"caption\":\"Omda Predicare\"},\"image\":{\"@id\":\"https:\/\/predicare.com\/sv\/#\/schema\/logo\/image\/\"}}]}<\/script>\n<!-- \/ Yoast SEO plugin. -->","yoast_head_json":{"title":"404 sida - Omda Predicare","robots":{"index":"index","follow":"follow","max-snippet":"max-snippet:-1","max-image-preview":"max-image-preview:large","max-video-preview":"max-video-preview:-1"},"canonical":"https:\/\/predicare.com\/sv\/404-sida\/","og_locale":"sv_SE","og_type":"article","og_title":"404 sida - Omda Predicare","og_url":"https:\/\/predicare.com\/sv\/404-sida\/","og_site_name":"Omda Predicare","article_modified_time":"2025-08-19T10:07:00+00:00","twitter_card":"summary_large_image","schema":{"@context":"https:\/\/schema.org","@graph":[{"@type":"WebPage","@id":"https:\/\/predicare.com\/sv\/404-sida\/","url":"https:\/\/predicare.com\/sv\/404-sida\/","name":"404 sida - Omda Predicare","isPartOf":{"@id":"https:\/\/predicare.com\/sv\/#website"},"datePublished":"2024-02-06T05:42:44+00:00","dateModified":"2025-08-19T10:07:00+00:00","breadcrumb":{"@id":"https:\/\/predicare.com\/sv\/404-sida\/#breadcrumb"},"inLanguage":"sv-SE","potentialAction":[{"@type":"ReadAction","target":["https:\/\/predicare.com\/sv\/404-sida\/"]}]},{"@type":"BreadcrumbList","@id":"https:\/\/predicare.com\/sv\/404-sida\/#breadcrumb","itemListElement":[{"@type":"ListItem","position":1,"name":"Home","item":"https:\/\/predicare.com\/sv\/"},{"@type":"ListItem","position":2,"name":"404 sida"}]},{"@type":"WebSite","@id":"https:\/\/predicare.com\/sv\/#website","url":"https:\/\/predicare.com\/sv\/","name":"Omda Predicare","description":"","publisher":{"@id":"https:\/\/predicare.com\/sv\/#organization"},"potentialAction":[{"@type":"SearchAction","target":{"@type":"EntryPoint","urlTemplate":"https:\/\/predicare.com\/sv\/?s={search_term_string}"},"query-input":"required name=search_term_string"}],"inLanguage":"sv-SE"},{"@type":"Organization","@id":"https:\/\/predicare.com\/sv\/#organization","name":"Omda Predicare","url":"https:\/\/predicare.com\/sv\/","logo":{"@type":"ImageObject","inLanguage":"sv-SE","@id":"https:\/\/predicare.com\/sv\/#\/schema\/logo\/image\/","url":"https:\/\/predicare.com\/wp-content\/uploads\/2025\/08\/Skarmbild-2025-08-19-094847.png","contentUrl":"https:\/\/predicare.com\/wp-content\/uploads\/2025\/08\/Skarmbild-2025-08-19-094847.png","width":2157,"height":802,"caption":"Omda Predicare"},"image":{"@id":"https:\/\/predicare.com\/sv\/#\/schema\/logo\/image\/"}}]}},"_links":{"self":[{"href":"https:\/\/predicare.com\/sv\/wp-json\/wp\/v2\/pages\/1171","targetHints":{"allow":["GET"]}}],"collection":[{"href":"https:\/\/predicare.com\/sv\/wp-json\/wp\/v2\/pages"}],"about":[{"href":"https:\/\/predicare.com\/sv\/wp-json\/wp\/v2\/types\/page"}],"author":[{"embeddable":true,"href":"https:\/\/predicare.com\/sv\/wp-json\/wp\/v2\/users\/1"}],"replies":[{"embeddable":true,"href":"https:\/\/predicare.com\/sv\/wp-json\/wp\/v2\/comments?post=1171"}],"version-history":[{"count":8,"href":"https:\/\/predicare.com\/sv\/wp-json\/wp\/v2\/pages\/1171\/revisions"}],"predecessor-version":[{"id":1777,"href":"https:\/\/predicare.com\/sv\/wp-json\/wp\/v2\/pages\/1171\/revisions\/1777"}],"wp:attachment":[{"href":"https:\/\/predicare.com\/sv\/wp-json\/wp\/v2\/media?parent=1171"}],"curies":[{"name":"wp","href":"https:\/\/api.w.org\/{rel}","templated":true}]}}