{"id":1489,"date":"2024-10-25T07:27:01","date_gmt":"2024-10-25T07:27:01","guid":{"rendered":"https:\/\/predicare.com\/?page_id=1489"},"modified":"2025-02-20T10:06:59","modified_gmt":"2025-02-20T10:06:59","slug":"retts-summit-2025","status":"publish","type":"page","link":"https:\/\/predicare.com\/sv\/retts-summit-2025\/","title":{"rendered":"RETTS Summit 2025"},"content":{"rendered":"\n\t<section class=\"block retts-summit\">\n\t\t<div class=\"container\">\n\t\t\t<div class=\"row justify-content-center\">\n\t\t\t\t<div class=\"col-xxl-9\">\n\t\t\t\t\t\t\t\t\t\t\t<img decoding=\"async\" src=\"https:\/\/predicare.com\/wp-content\/uploads\/2024\/10\/RETTS-Summit-2025-Web-v2.jpg\" alt=\"\">\n\t\t\t\t\t\t\t\t\t\t<div class=\"row gx-md-5 justify-content-center\">\n\t\t\t\t\t\t<div class=\"col-lg-10\">\n\t\t\t\t\t\t\t<div class=\"text-center\">\n\t\t\t\t\t\t\t<h2>V\u00c4LKOMMEN TILL <\/h2><h1>RETTS SUMMIT \u2013 <span>20 \u00e5r med RETTS<\/span> <\/h1><div class=\"date\"><span> <\/span><span>18-19 mars i G\u00d6TEBORG <\/span><\/div>\t\t\t\t\t\t\t<\/div>\n\t\t\t\t\t\t\t<p>Det \u00e4r med gl\u00e4dje som vi bjuder in dig till \u00e5rets sp\u00e4nnande och givande konferens \u2013 <em><strong>RETTS Summit 2025.<\/strong><\/em><br \/>\nH\u00e4r ges du m\u00f6jlighet att f\u00f6rdjupa dina kunskaper, n\u00e4tverka med kollegor och dela din erfarenhet. Med \u00f6ver 60 miljoner patienter triagerade genom RETTS beslutst\u00f6d de senaste tv\u00e5 decennierna, firar vi med stolthet ocks\u00e5 framg\u00e5ngarna med 20 \u00e5rs-jubileum.<\/p>\n<p>Konferensen inleds med lunch efterf\u00f6ljt av inspirerande f\u00f6rel\u00e4sningar. Mot kv\u00e4llen samlas vi till middag d\u00e4r vi forts\u00e4tter samtalen, delar erfarenheter och firar 20 \u00e5r med RETTS. Dag 2 planerar vi interaktiva workshops som \u00e4r direkt kopplade till din arbetsvardag. Konferensen avslutas med lunch och v\u00e5r ambition \u00e4r att du \u00e5ker hem med nya insikter som st\u00e4rker dig sj\u00e4lv i din yrkesut\u00f6vning och med verktyg som bidrar till f\u00f6rb\u00e4ttrat patients\u00e4kerhetsarbete i din verksamhet.<\/p>\n<p>F\u00f6reg\u00e5ende konferens fick fantastiska omd\u00f6men, och d\u00e4rf\u00f6r bygger vi vidare p\u00e5 samma koncept d\u00e4r vi knyter ihop f\u00f6rel\u00e4sningarna med diskussioner, patientfall och utveckling. I \u00e5r blir det extra speciellt d\u00e5 vi sl\u00e5r samman det svenska och norska m\u00f6tet, vilket ger dig m\u00f6jlighet att n\u00e4tverka med kollegor fr\u00e5n andra organisationer i Norden.<\/p>\n<p>Programmet \u00e4r inte helt klart \u00e4nnu men kommer inom kort finnas tillg\u00e4ngligt p\u00e5 v\u00e5r hemsida. Platserna \u00e4r begr\u00e4nsade, s\u00e5 s\u00e4kra din plats senast 25 november f\u00f6r reducerad konferensavgift och bli samtidigt en del av 20 \u00e5rs firandet!<\/p>\n<p style=\"text-align: center;\">Vi ses p\u00e5 Jacy\u00b4z hotell i G\u00f6teborg i mars &#8211; d\u00e4r din erfarenhet m\u00f6ter framtidens utveckling!<\/p>\n<p style=\"text-align: center;\"><strong>ANM\u00c4L DIG TILL RETTS SUMMIT 2025 <a href=\"https:\/\/my.nativeforms.com\/AW5EnTFlVPmZyZkVnNyVHe41Db\" target=\"_blank\" rel=\"noopener\">H\u00c4R<\/a> <em>Anm\u00e4lan \u00e4r bindande.<\/em><\/strong><\/p>\n<p style=\"text-align: center;\"><a href=\"https:\/\/predicare.com\/wp-content\/uploads\/2025\/02\/RETTS_SUMMIT_2025_PROGRAM.pdf\" target=\"_blank\" rel=\"noopener\"><img loading=\"lazy\" decoding=\"async\" class=\"alignnone wp-image-1282\" style=\"width: 16px; margin: 0px; border-radius: 0px;\" src=\"https:\/\/predicare.com\/wp-content\/uploads\/2024\/03\/pdf-291x300.png\" alt=\"\" width=\"16\" height=\"17\" srcset=\"https:\/\/predicare.com\/wp-content\/uploads\/2024\/03\/pdf-291x300.png 291w, https:\/\/predicare.com\/wp-content\/uploads\/2024\/03\/pdf-150x150.png 150w, https:\/\/predicare.com\/wp-content\/uploads\/2024\/03\/pdf.png 496w\" sizes=\"auto, (max-width: 16px) 100vw, 16px\" \/> Programmet f\u00f6r RETTS Summit 2025<\/a><\/p>\n\t\t\t\t\t\t<\/div>\n\t\t\t\t\t<\/div>\n\t\t\t\t<\/div>\n\t\t\t<\/div>\n\t\t<\/div>\n\t<\/section>\n","protected":false},"excerpt":{"rendered":"","protected":false},"author":1,"featured_media":0,"parent":0,"menu_order":0,"comment_status":"closed","ping_status":"closed","template":"guternberg.php","meta":{"footnotes":""},"class_list":["post-1489","page","type-page","status-publish","hentry"],"acf":[],"yoast_head":"<!-- This site is optimized with the Yoast SEO plugin v21.9.1 - https:\/\/yoast.com\/wordpress\/plugins\/seo\/ -->\n<title>RETTS Summit 2025 - Omda Predicare<\/title>\n<meta name=\"robots\" content=\"index, follow, max-snippet:-1, max-image-preview:large, max-video-preview:-1\" \/>\n<link rel=\"canonical\" href=\"https:\/\/predicare.com\/sv\/retts-summit-2025\/\" \/>\n<meta property=\"og:locale\" content=\"sv_SE\" \/>\n<meta property=\"og:type\" content=\"article\" \/>\n<meta property=\"og:title\" content=\"RETTS Summit 2025 - Omda Predicare\" \/>\n<meta property=\"og:url\" content=\"https:\/\/predicare.com\/sv\/retts-summit-2025\/\" \/>\n<meta property=\"og:site_name\" content=\"Omda Predicare\" \/>\n<meta property=\"article:modified_time\" content=\"2025-02-20T10:06:59+00:00\" \/>\n<meta name=\"twitter:card\" content=\"summary_large_image\" \/>\n<script type=\"application\/ld+json\" class=\"yoast-schema-graph\">{\"@context\":\"https:\/\/schema.org\",\"@graph\":[{\"@type\":\"WebPage\",\"@id\":\"https:\/\/predicare.com\/sv\/retts-summit-2025\/\",\"url\":\"https:\/\/predicare.com\/sv\/retts-summit-2025\/\",\"name\":\"RETTS Summit 2025 - Omda Predicare\",\"isPartOf\":{\"@id\":\"https:\/\/predicare.com\/sv\/#website\"},\"datePublished\":\"2024-10-25T07:27:01+00:00\",\"dateModified\":\"2025-02-20T10:06:59+00:00\",\"breadcrumb\":{\"@id\":\"https:\/\/predicare.com\/sv\/retts-summit-2025\/#breadcrumb\"},\"inLanguage\":\"sv-SE\",\"potentialAction\":[{\"@type\":\"ReadAction\",\"target\":[\"https:\/\/predicare.com\/sv\/retts-summit-2025\/\"]}]},{\"@type\":\"BreadcrumbList\",\"@id\":\"https:\/\/predicare.com\/sv\/retts-summit-2025\/#breadcrumb\",\"itemListElement\":[{\"@type\":\"ListItem\",\"position\":1,\"name\":\"Home\",\"item\":\"https:\/\/predicare.com\/sv\/\"},{\"@type\":\"ListItem\",\"position\":2,\"name\":\"RETTS Summit 2025\"}]},{\"@type\":\"WebSite\",\"@id\":\"https:\/\/predicare.com\/sv\/#website\",\"url\":\"https:\/\/predicare.com\/sv\/\",\"name\":\"Omda Predicare\",\"description\":\"\",\"publisher\":{\"@id\":\"https:\/\/predicare.com\/sv\/#organization\"},\"potentialAction\":[{\"@type\":\"SearchAction\",\"target\":{\"@type\":\"EntryPoint\",\"urlTemplate\":\"https:\/\/predicare.com\/sv\/?s={search_term_string}\"},\"query-input\":\"required name=search_term_string\"}],\"inLanguage\":\"sv-SE\"},{\"@type\":\"Organization\",\"@id\":\"https:\/\/predicare.com\/sv\/#organization\",\"name\":\"Omda Predicare\",\"url\":\"https:\/\/predicare.com\/sv\/\",\"logo\":{\"@type\":\"ImageObject\",\"inLanguage\":\"sv-SE\",\"@id\":\"https:\/\/predicare.com\/sv\/#\/schema\/logo\/image\/\",\"url\":\"https:\/\/predicare.com\/wp-content\/uploads\/2025\/08\/Skarmbild-2025-08-19-094847.png\",\"contentUrl\":\"https:\/\/predicare.com\/wp-content\/uploads\/2025\/08\/Skarmbild-2025-08-19-094847.png\",\"width\":2157,\"height\":802,\"caption\":\"Omda Predicare\"},\"image\":{\"@id\":\"https:\/\/predicare.com\/sv\/#\/schema\/logo\/image\/\"}}]}<\/script>\n<!-- \/ Yoast SEO plugin. -->","yoast_head_json":{"title":"RETTS Summit 2025 - Omda Predicare","robots":{"index":"index","follow":"follow","max-snippet":"max-snippet:-1","max-image-preview":"max-image-preview:large","max-video-preview":"max-video-preview:-1"},"canonical":"https:\/\/predicare.com\/sv\/retts-summit-2025\/","og_locale":"sv_SE","og_type":"article","og_title":"RETTS Summit 2025 - Omda Predicare","og_url":"https:\/\/predicare.com\/sv\/retts-summit-2025\/","og_site_name":"Omda Predicare","article_modified_time":"2025-02-20T10:06:59+00:00","twitter_card":"summary_large_image","schema":{"@context":"https:\/\/schema.org","@graph":[{"@type":"WebPage","@id":"https:\/\/predicare.com\/sv\/retts-summit-2025\/","url":"https:\/\/predicare.com\/sv\/retts-summit-2025\/","name":"RETTS Summit 2025 - Omda Predicare","isPartOf":{"@id":"https:\/\/predicare.com\/sv\/#website"},"datePublished":"2024-10-25T07:27:01+00:00","dateModified":"2025-02-20T10:06:59+00:00","breadcrumb":{"@id":"https:\/\/predicare.com\/sv\/retts-summit-2025\/#breadcrumb"},"inLanguage":"sv-SE","potentialAction":[{"@type":"ReadAction","target":["https:\/\/predicare.com\/sv\/retts-summit-2025\/"]}]},{"@type":"BreadcrumbList","@id":"https:\/\/predicare.com\/sv\/retts-summit-2025\/#breadcrumb","itemListElement":[{"@type":"ListItem","position":1,"name":"Home","item":"https:\/\/predicare.com\/sv\/"},{"@type":"ListItem","position":2,"name":"RETTS Summit 2025"}]},{"@type":"WebSite","@id":"https:\/\/predicare.com\/sv\/#website","url":"https:\/\/predicare.com\/sv\/","name":"Omda Predicare","description":"","publisher":{"@id":"https:\/\/predicare.com\/sv\/#organization"},"potentialAction":[{"@type":"SearchAction","target":{"@type":"EntryPoint","urlTemplate":"https:\/\/predicare.com\/sv\/?s={search_term_string}"},"query-input":"required name=search_term_string"}],"inLanguage":"sv-SE"},{"@type":"Organization","@id":"https:\/\/predicare.com\/sv\/#organization","name":"Omda Predicare","url":"https:\/\/predicare.com\/sv\/","logo":{"@type":"ImageObject","inLanguage":"sv-SE","@id":"https:\/\/predicare.com\/sv\/#\/schema\/logo\/image\/","url":"https:\/\/predicare.com\/wp-content\/uploads\/2025\/08\/Skarmbild-2025-08-19-094847.png","contentUrl":"https:\/\/predicare.com\/wp-content\/uploads\/2025\/08\/Skarmbild-2025-08-19-094847.png","width":2157,"height":802,"caption":"Omda Predicare"},"image":{"@id":"https:\/\/predicare.com\/sv\/#\/schema\/logo\/image\/"}}]}},"_links":{"self":[{"href":"https:\/\/predicare.com\/sv\/wp-json\/wp\/v2\/pages\/1489","targetHints":{"allow":["GET"]}}],"collection":[{"href":"https:\/\/predicare.com\/sv\/wp-json\/wp\/v2\/pages"}],"about":[{"href":"https:\/\/predicare.com\/sv\/wp-json\/wp\/v2\/types\/page"}],"author":[{"embeddable":true,"href":"https:\/\/predicare.com\/sv\/wp-json\/wp\/v2\/users\/1"}],"replies":[{"embeddable":true,"href":"https:\/\/predicare.com\/sv\/wp-json\/wp\/v2\/comments?post=1489"}],"version-history":[{"count":54,"href":"https:\/\/predicare.com\/sv\/wp-json\/wp\/v2\/pages\/1489\/revisions"}],"predecessor-version":[{"id":1605,"href":"https:\/\/predicare.com\/sv\/wp-json\/wp\/v2\/pages\/1489\/revisions\/1605"}],"wp:attachment":[{"href":"https:\/\/predicare.com\/sv\/wp-json\/wp\/v2\/media?parent=1489"}],"curies":[{"name":"wp","href":"https:\/\/api.w.org\/{rel}","templated":true}]}}