{"id":615,"date":"2024-01-25T12:04:35","date_gmt":"2024-01-25T12:04:35","guid":{"rendered":"https:\/\/predicare.com\/?page_id=615"},"modified":"2025-08-19T10:01:33","modified_gmt":"2025-08-19T10:01:33","slug":"publikationer","status":"publish","type":"page","link":"https:\/\/predicare.com\/sv\/publikationer\/","title":{"rendered":"Publikationer"},"content":{"rendered":"\n\t<section class=\"big-hero-wrap\">\n\t\t\t\t\t<div class=\"background-image\">\n\t\t\t\t<svg xmlns=\"http:\/\/www.w3.org\/2000\/svg\" xmlns:xlink=\"http:\/\/www.w3.org\/1999\/xlink\" width=\"118\" height=\"118\" viewBox=\"0 0 118 118\">\n  <defs>\n    <clipPath id=\"clip-path\">\n      <rect id=\"Rectangle_216\" data-name=\"Rectangle 216\" width=\"68.961\" height=\"75.857\" fill=\"none\"\/>\n    <\/clipPath>\n  <\/defs>\n  <g id=\"RETTSIcon-Hero\" transform=\"translate(-970 -417)\">\n    <circle id=\"Ellipse_10\" data-name=\"Ellipse 10\" cx=\"59\" cy=\"59\" r=\"59\" transform=\"translate(970 417)\" fill=\"#fff\"\/>\n    <g id=\"Group_575\" data-name=\"Group 575\" transform=\"translate(994.519 438.071)\">\n      <g id=\"Group_576\" data-name=\"Group 576\" clip-path=\"url(#clip-path)\">\n        <path id=\"Path_75\" data-name=\"Path 75\" d=\"M37.115,0H31.846a2.359,2.359,0,0,0-2.359,2.359V33.683a2.36,2.36,0,0,1-1.18,2.043L1.18,51.389a2.358,2.358,0,0,0-.863,3.222l2.634,4.563a2.359,2.359,0,0,0,3.222.863L33.3,44.375a2.358,2.358,0,0,1,2.359,0L62.787,60.037a2.36,2.36,0,0,0,3.223-.863l2.634-4.563a2.359,2.359,0,0,0-.863-3.222L40.653,35.727a2.36,2.36,0,0,1-1.18-2.043V2.359A2.359,2.359,0,0,0,37.115,0\" transform=\"translate(0)\" fill=\"#ff6f14\"\/>\n        <path id=\"Path_76\" data-name=\"Path 76\" d=\"M20.558,36.565,6.173,28.259a2.359,2.359,0,0,0-3.223.864L.316,33.685a2.359,2.359,0,0,0,.864,3.222l14.385,8.306a2.359,2.359,0,0,0,3.222-.863l2.634-4.563a2.359,2.359,0,0,0-.863-3.222\" transform=\"translate(0 -12.44)\" fill=\"#ff6f14\"\/>\n        <path id=\"Path_77\" data-name=\"Path 77\" d=\"M106.536,33.685,103.9,29.123a2.359,2.359,0,0,0-3.222-.864L86.294,36.565a2.359,2.359,0,0,0-.863,3.222l2.634,4.563a2.359,2.359,0,0,0,3.222.863l14.385-8.306a2.36,2.36,0,0,0,.864-3.222\" transform=\"translate(-37.892 -12.44)\" fill=\"#ff6f14\"\/>\n        <path id=\"Path_78\" data-name=\"Path 78\" d=\"M55.506,119.611h5.269a2.359,2.359,0,0,0,2.359-2.359V100.641a2.359,2.359,0,0,0-2.359-2.359H55.506a2.359,2.359,0,0,0-2.359,2.359v16.611a2.359,2.359,0,0,0,2.359,2.359\" transform=\"translate(-23.66 -43.754)\" fill=\"#ff6f14\"\/>\n      <\/g>\n    <\/g>\n  <\/g>\n<\/svg>\n\t\t\t\t<img loading=\"lazy\" decoding=\"async\" width=\"1158\" height=\"744\" src=\"https:\/\/predicare.com\/wp-content\/uploads\/2024\/01\/bermix-studio-vT-Hkq0_FBU-unsplash.png\" class=\"attachment-full size-full\" alt=\"\" srcset=\"https:\/\/predicare.com\/wp-content\/uploads\/2024\/01\/bermix-studio-vT-Hkq0_FBU-unsplash.png 1158w, https:\/\/predicare.com\/wp-content\/uploads\/2024\/01\/bermix-studio-vT-Hkq0_FBU-unsplash-300x193.png 300w, https:\/\/predicare.com\/wp-content\/uploads\/2024\/01\/bermix-studio-vT-Hkq0_FBU-unsplash-1024x658.png 1024w, https:\/\/predicare.com\/wp-content\/uploads\/2024\/01\/bermix-studio-vT-Hkq0_FBU-unsplash-768x493.png 768w\" sizes=\"auto, (max-width: 1158px) 100vw, 1158px\" \/>\t\t\t<\/div>\n\t\t\t\t<div class=\"container\">\n\t\t\t<div class=\"row align-items-center\">\n\t\t\t\t<div class=\"col-md-6 col-xl-6\">\n\t\t\t\t\t<div class=\"content\">\n\t\t\t\t\t\t\t\t\t\t\t\t\t\t\t\t\t\t\t\t\t\t\t\t\t\t\t\t\t\t\t<h1>Publikationer <\/h1>\n\t\t\t\t\t\t\n\t\t\t\t\t\t\t\t\t\t\t\t\t<p><p><strong>Detta avsnitt \u00e4r till\u00e4gnat den vetenskapliga bakgrunden till Omda Predicares produkt, RETTS beslutst\u00f6d f\u00f6r triage och processhantering.<\/strong><\/p>\n<p>M\u00e5nga studier har dokumenterat RETTS och dess effektivitet, vilket \u00e5terspeglar dess l\u00e5ngsiktiga och breda anv\u00e4ndningsomr\u00e5den. P\u00e5 denna sida f\u00f6rdjupar vi oss i forskningen och utvecklingen bakom RETTS, dess validering, och hur det forts\u00e4tter att utvecklas f\u00f6r att m\u00f6ta de f\u00f6r\u00e4nderliga behoven hos modern sjukv\u00e5rd. F\u00f6lj med oss n\u00e4r vi utforskar vetenskapen som driver RETTS och dess inverkan p\u00e5 akutsjukv\u00e5rd.<\/p>\n<\/p>\n\t\t\t\t\t\t\n\t\t\t\t\t\t\t\t\t\t\t<\/div>\n\t\t\t\t<\/div>\n\t\t\t<\/div>\n\n\t\t<\/div>\n\t<\/section>\n\n\n\t<script src=\"https:\/\/cdn.jsdelivr.net\/npm\/masonry-layout@4.2.2\/dist\/masonry.pkgd.min.js\" integrity=\"sha384-GNFwBvfVxBkLMJpYMOABq3c+d3KnQxudP\/mGPkzpZSTYykLBNsZEnG2D9G\/X\/+7D\" crossorigin=\"anonymous\" async><\/script>\n\t<section class=\"block downloadable-publications\">\n\t\t<div class=\"container\">\n\t\t\t\t\t\t<h3>Publikationer <\/h3>\n\t\t\t\t\t\t\t<div class=\"row\" data-masonry='{\"percentPosition\": true }'>\n\t\t\t\t\t\t\t\t\t\t\t<div class=\"col-md-6\">\n\t\t\t\t\t\t\t<div class=\"default-card\">\n\t\t\t\t\t\t\t\t<h5>Metodik <\/h5>\n\t\t\t\t\t\t\t\t<ul>\n<li><a href=\"https:\/\/sjtrem.biomedcentral.com\/articles\/10.1186\/1757-7241-20-57\" target=\"_blank\" rel=\"noopener\">Physician-led team triage based on lean principles may be superior for efficiency and quality?<\/a><\/li>\n<li><a href=\"https:\/\/svemedplus.kib.ki.se\/Default.aspx?Dok_ID=119146\" target=\"_blank\" rel=\"noopener\">Shorter waiting times at the emergency room with physicians in the triage team<\/a><\/li>\n<li><a href=\"http:\/\/www.lakartidningen.se\/OldWebArticlePdf\/1\/13282\/LKT0949s3348_3349.pdf\" target=\"_blank\" rel=\"noopener\">Emergency care safer and more efficient with common methods<\/a><\/li>\n<li><a href=\"https:\/\/www.researchgate.net\/publication\/252929911_Validation_of_Swedish_Emergency_Medical_Index_in_trauma_patients\" target=\"_blank\" rel=\"noopener\">Validation of Swedish Emergency Medical Index in trauma patients<\/a><\/li>\n<\/ul>\n\t\t\t\t\t\t\t<\/div>\n\t\t\t\t\t\t<\/div>\n\t\t\t\t\t\t\t\t\t\t\t<div class=\"col-md-6\">\n\t\t\t\t\t\t\t<div class=\"default-card\">\n\t\t\t\t\t\t\t\t<h5>Giltighet <\/h5>\n\t\t\t\t\t\t\t\t<ul>\n<li><a href=\"https:\/\/pubmed.ncbi.nlm.nih.gov\/24849609\/\" target=\"_blank\" rel=\"noopener\">The predictive validity of RETTS-HEV<\/a><\/li>\n<li><a href=\"https:\/\/sjtrem.biomedcentral.com\/articles\/10.1186\/s13049-016-0213-8\" target=\"_blank\" rel=\"noopener\">The association between vital signs and mortality in a retrospective cohort study of an unselected emergency department population<\/a><\/li>\n<li><a href=\"https:\/\/www.ncbi.nlm.nih.gov\/pubmed\/23797391\" target=\"_blank\" rel=\"noopener\">Inter-rater agreement of the triage system RETTS-HEV<\/a><\/li>\n<li><a href=\"https:\/\/predicare.com\/content\/uploads\/Poster_METTS-T_predicare.pdf\" target=\"_blank\" rel=\"noopener\">METTS-T offers high medical security in primary trauma acute care<\/a><\/li>\n<li><a href=\"https:\/\/predicare.com\/content\/uploads\/LT_070903_predicare.pdf\" target=\"_blank\" rel=\"noopener\">METTS-A; a protocol for safe emergency care.<\/a><\/li>\n<li><a href=\"https:\/\/www.ncbi.nlm.nih.gov\/pubmed\/18930373\" target=\"_blank\" rel=\"noopener\">METTS: a new protocol in primary triage and secondary priority decision in emergency medicine.<\/a><\/li>\n<li><a href=\"http:\/\/www.lakartidningen.se\/store\/articlepdf\/8\/8615\/LKT0804s201_204.pdf\" target=\"_blank\" rel=\"noopener\">New accurate triage method. METTS-A yields basis for priority level decisions.<\/a><\/li>\n<li><a href=\"https:\/\/sjtrem.biomedcentral.com\/articles\/10.1186\/s13049-021-00832-2\" target=\"_blank\" rel=\"noopener\">A validity study of the rapid emergency Triage and treatment system for children<\/a><\/li>\n<\/ul>\n\t\t\t\t\t\t\t<\/div>\n\t\t\t\t\t\t<\/div>\n\t\t\t\t\t\t\t\t\t\t\t<div class=\"col-md-6\">\n\t\t\t\t\t\t\t<div class=\"default-card\">\n\t\t\t\t\t\t\t\t<h5>P\u00e5litlighet <\/h5>\n\t\t\t\t\t\t\t\t<ul>\n<li><a href=\"http:\/\/onlinelibrary.wiley.com\/doi\/10.1111\/apa.12491\/full\" target=\"_blank\" rel=\"noopener\">First evaluation of the pediatric version of the Swedish RETTS shows good reliability<\/a><\/li>\n<li><a href=\"https:\/\/sjtrem.biomedcentral.com\/articles\/10.1186\/s13049-016-0207-6\" target=\"_blank\" rel=\"noopener\">A reliability study of the RETTS system for children<\/a><\/li>\n<\/ul>\n\t\t\t\t\t\t\t<\/div>\n\t\t\t\t\t\t<\/div>\n\t\t\t\t\t\t\t\t\t\t\t<div class=\"col-md-6\">\n\t\t\t\t\t\t\t<div class=\"default-card\">\n\t\t\t\t\t\t\t\t<h5>Ber\u00e4knat v\u00e4rde <\/h5>\n\t\t\t\t\t\t\t\t<ul>\n<li><a href=\"https:\/\/svemedplus.kib.ki.se\/Default.aspx?Dok_ID=109996\" target=\"_blank\" rel=\"noopener\">More efficient trauma care with prehospital METTS-T triage.<\/a><\/li>\n<li><a href=\"https:\/\/acutecaretesting.org\/en\/articles\/blood-lactate-a-useful-analysis-in-emergency-care\" target=\"_blank\" rel=\"noopener\">Blood Lactate: A Useful Analysis in Emergency Care<\/a><\/li>\n<\/ul>\n\t\t\t\t\t\t\t<\/div>\n\t\t\t\t\t\t<\/div>\n\t\t\t\t\t\t\t\t\t<\/div>\n\t\t\t\t\t\t\t\t<\/div>\n\t<\/section>\n\n\n\n\t<section class=\"image-promo\">\n\t\t<div class=\"container\">\n\t\t\t<div class=\"cta-wrap\">\n\t\t\t\t\t\t\t\t\t<img decoding=\"async\" src=\"https:\/\/predicare.com\/wp-content\/uploads\/2024\/02\/predicare-book-demo.jpg\" alt=\"Intresserad av RETTS? \">\n\t\t\t\t\t\t\t\t<div class=\"content\">\n\t\t\t\t\t\t\t\t\t\t\t<h2>Intresserad av RETTS? <\/h2>\n\t\t\t\t\t\t\t\t\t\t<div class=\"button-group\">\n\t\t\t\t\t\t\t\t\t\t\t\t\t\t\t\t<a class=\"btn btn-primary\" href=\"\/sv\/kontakta-oss\/\">Boka en demo <\/a>\n\t\t\t\t\t\t\t\t\t\t<\/div>\n\t\t\t\t\n\t\t\t\t<\/div>\n\t\t\t<\/div>\n\t\t<\/div>\n\n\t<\/section>\n","protected":false},"excerpt":{"rendered":"","protected":false},"author":1,"featured_media":0,"parent":0,"menu_order":0,"comment_status":"closed","ping_status":"closed","template":"guternberg.php","meta":{"footnotes":""},"class_list":["post-615","page","type-page","status-publish","hentry"],"acf":[],"yoast_head":"<!-- This site is optimized with the Yoast SEO plugin v21.9.1 - https:\/\/yoast.com\/wordpress\/plugins\/seo\/ -->\n<title>Publikationer - Omda Predicare<\/title>\n<meta name=\"robots\" content=\"index, follow, max-snippet:-1, max-image-preview:large, max-video-preview:-1\" \/>\n<link rel=\"canonical\" href=\"https:\/\/predicare.com\/sv\/publikationer\/\" \/>\n<meta property=\"og:locale\" content=\"sv_SE\" \/>\n<meta property=\"og:type\" content=\"article\" \/>\n<meta property=\"og:title\" content=\"Publikationer - Omda Predicare\" \/>\n<meta property=\"og:url\" content=\"https:\/\/predicare.com\/sv\/publikationer\/\" \/>\n<meta property=\"og:site_name\" content=\"Omda Predicare\" \/>\n<meta property=\"article:modified_time\" content=\"2025-08-19T10:01:33+00:00\" \/>\n<meta name=\"twitter:card\" content=\"summary_large_image\" \/>\n<script type=\"application\/ld+json\" class=\"yoast-schema-graph\">{\"@context\":\"https:\/\/schema.org\",\"@graph\":[{\"@type\":\"WebPage\",\"@id\":\"https:\/\/predicare.com\/sv\/publikationer\/\",\"url\":\"https:\/\/predicare.com\/sv\/publikationer\/\",\"name\":\"Publikationer - Omda Predicare\",\"isPartOf\":{\"@id\":\"https:\/\/predicare.com\/sv\/#website\"},\"datePublished\":\"2024-01-25T12:04:35+00:00\",\"dateModified\":\"2025-08-19T10:01:33+00:00\",\"breadcrumb\":{\"@id\":\"https:\/\/predicare.com\/sv\/publikationer\/#breadcrumb\"},\"inLanguage\":\"sv-SE\",\"potentialAction\":[{\"@type\":\"ReadAction\",\"target\":[\"https:\/\/predicare.com\/sv\/publikationer\/\"]}]},{\"@type\":\"BreadcrumbList\",\"@id\":\"https:\/\/predicare.com\/sv\/publikationer\/#breadcrumb\",\"itemListElement\":[{\"@type\":\"ListItem\",\"position\":1,\"name\":\"Home\",\"item\":\"https:\/\/predicare.com\/sv\/\"},{\"@type\":\"ListItem\",\"position\":2,\"name\":\"Publikationer\"}]},{\"@type\":\"WebSite\",\"@id\":\"https:\/\/predicare.com\/sv\/#website\",\"url\":\"https:\/\/predicare.com\/sv\/\",\"name\":\"Omda Predicare\",\"description\":\"\",\"publisher\":{\"@id\":\"https:\/\/predicare.com\/sv\/#organization\"},\"potentialAction\":[{\"@type\":\"SearchAction\",\"target\":{\"@type\":\"EntryPoint\",\"urlTemplate\":\"https:\/\/predicare.com\/sv\/?s={search_term_string}\"},\"query-input\":\"required name=search_term_string\"}],\"inLanguage\":\"sv-SE\"},{\"@type\":\"Organization\",\"@id\":\"https:\/\/predicare.com\/sv\/#organization\",\"name\":\"Omda Predicare\",\"url\":\"https:\/\/predicare.com\/sv\/\",\"logo\":{\"@type\":\"ImageObject\",\"inLanguage\":\"sv-SE\",\"@id\":\"https:\/\/predicare.com\/sv\/#\/schema\/logo\/image\/\",\"url\":\"https:\/\/predicare.com\/wp-content\/uploads\/2025\/08\/Skarmbild-2025-08-19-094847.png\",\"contentUrl\":\"https:\/\/predicare.com\/wp-content\/uploads\/2025\/08\/Skarmbild-2025-08-19-094847.png\",\"width\":2157,\"height\":802,\"caption\":\"Omda Predicare\"},\"image\":{\"@id\":\"https:\/\/predicare.com\/sv\/#\/schema\/logo\/image\/\"}}]}<\/script>\n<!-- \/ Yoast SEO plugin. -->","yoast_head_json":{"title":"Publikationer - Omda Predicare","robots":{"index":"index","follow":"follow","max-snippet":"max-snippet:-1","max-image-preview":"max-image-preview:large","max-video-preview":"max-video-preview:-1"},"canonical":"https:\/\/predicare.com\/sv\/publikationer\/","og_locale":"sv_SE","og_type":"article","og_title":"Publikationer - Omda Predicare","og_url":"https:\/\/predicare.com\/sv\/publikationer\/","og_site_name":"Omda Predicare","article_modified_time":"2025-08-19T10:01:33+00:00","twitter_card":"summary_large_image","schema":{"@context":"https:\/\/schema.org","@graph":[{"@type":"WebPage","@id":"https:\/\/predicare.com\/sv\/publikationer\/","url":"https:\/\/predicare.com\/sv\/publikationer\/","name":"Publikationer - Omda Predicare","isPartOf":{"@id":"https:\/\/predicare.com\/sv\/#website"},"datePublished":"2024-01-25T12:04:35+00:00","dateModified":"2025-08-19T10:01:33+00:00","breadcrumb":{"@id":"https:\/\/predicare.com\/sv\/publikationer\/#breadcrumb"},"inLanguage":"sv-SE","potentialAction":[{"@type":"ReadAction","target":["https:\/\/predicare.com\/sv\/publikationer\/"]}]},{"@type":"BreadcrumbList","@id":"https:\/\/predicare.com\/sv\/publikationer\/#breadcrumb","itemListElement":[{"@type":"ListItem","position":1,"name":"Home","item":"https:\/\/predicare.com\/sv\/"},{"@type":"ListItem","position":2,"name":"Publikationer"}]},{"@type":"WebSite","@id":"https:\/\/predicare.com\/sv\/#website","url":"https:\/\/predicare.com\/sv\/","name":"Omda Predicare","description":"","publisher":{"@id":"https:\/\/predicare.com\/sv\/#organization"},"potentialAction":[{"@type":"SearchAction","target":{"@type":"EntryPoint","urlTemplate":"https:\/\/predicare.com\/sv\/?s={search_term_string}"},"query-input":"required name=search_term_string"}],"inLanguage":"sv-SE"},{"@type":"Organization","@id":"https:\/\/predicare.com\/sv\/#organization","name":"Omda Predicare","url":"https:\/\/predicare.com\/sv\/","logo":{"@type":"ImageObject","inLanguage":"sv-SE","@id":"https:\/\/predicare.com\/sv\/#\/schema\/logo\/image\/","url":"https:\/\/predicare.com\/wp-content\/uploads\/2025\/08\/Skarmbild-2025-08-19-094847.png","contentUrl":"https:\/\/predicare.com\/wp-content\/uploads\/2025\/08\/Skarmbild-2025-08-19-094847.png","width":2157,"height":802,"caption":"Omda Predicare"},"image":{"@id":"https:\/\/predicare.com\/sv\/#\/schema\/logo\/image\/"}}]}},"_links":{"self":[{"href":"https:\/\/predicare.com\/sv\/wp-json\/wp\/v2\/pages\/615","targetHints":{"allow":["GET"]}}],"collection":[{"href":"https:\/\/predicare.com\/sv\/wp-json\/wp\/v2\/pages"}],"about":[{"href":"https:\/\/predicare.com\/sv\/wp-json\/wp\/v2\/types\/page"}],"author":[{"embeddable":true,"href":"https:\/\/predicare.com\/sv\/wp-json\/wp\/v2\/users\/1"}],"replies":[{"embeddable":true,"href":"https:\/\/predicare.com\/sv\/wp-json\/wp\/v2\/comments?post=615"}],"version-history":[{"count":25,"href":"https:\/\/predicare.com\/sv\/wp-json\/wp\/v2\/pages\/615\/revisions"}],"predecessor-version":[{"id":1769,"href":"https:\/\/predicare.com\/sv\/wp-json\/wp\/v2\/pages\/615\/revisions\/1769"}],"wp:attachment":[{"href":"https:\/\/predicare.com\/sv\/wp-json\/wp\/v2\/media?parent=615"}],"curies":[{"name":"wp","href":"https:\/\/api.w.org\/{rel}","templated":true}]}}