{"id":631,"date":"2024-01-30T11:39:38","date_gmt":"2024-01-30T11:39:38","guid":{"rendered":"https:\/\/predicare.com\/?page_id=631"},"modified":"2025-08-19T11:25:35","modified_gmt":"2025-08-19T11:25:35","slug":"personuppgiftspolicy","status":"publish","type":"page","link":"https:\/\/predicare.com\/sv\/personuppgiftspolicy\/","title":{"rendered":"Personuppgiftspolicy"},"content":{"rendered":"\n\t<section class=\"full-width-promo \">\n\t\t\t\t\t<img decoding=\"async\" src=\"https:\/\/predicare.com\/wp-content\/uploads\/2024\/01\/hero-header-3-scaled-1.jpg\" alt=\"Personuppgiftspolicy\">\n\t\t\t\t\n\t\t<div class=\"content\">\n\t\t\t\t\t\t\t<h2>Personuppgiftspolicy<\/h2>\n\t\t\t\t\t\t\t\t<\/div>\n\t<\/section>\n\n\n\n\t<section class=\"block single-column-content\">\n\t\t<div class=\"container\">\n\t\t\t<h3>1 Inledning<\/h3>\n<p>1.1 Den 25 maj 2018 tr\u00e4dde den allm\u00e4nna dataskyddsf\u00f6rordningen (EU) 2016\/279 \u201dGDPR\u201d ikraft. Dataskyddsf\u00f6rordningen syftar till att skydda fysiska personers grundl\u00e4ggande r\u00e4ttigheter och friheter, s\u00e4rskilt deras r\u00e4tt till skydd av personuppgifter. Omda Predicare AB v\u00e4rnar om din personliga integritet och det \u00e4r viktigt f\u00f6r oss att du k\u00e4nner dig trygg med hur vi hanterar dina personuppgifter.<\/p>\n<p>1.2 I den h\u00e4r integritetspolicyn f\u00f6rklarar vi hur vi, i egenskap av personuppgiftsansvarig f\u00f6r dina personuppgifter, behandlar dina personuppgifter enligt dataskyddsf\u00f6rordningen. Vi anger vilka personuppgifter vi behandlar och vilka sk\u00e4l som ligger till grund f\u00f6r behandlingen. Vi ber\u00e4ttar \u00e4ven om hur du kan f\u00e5 tillg\u00e5ng till dina personuppgifter och hur du ska g\u00f6ra f\u00f6r att framst\u00e4lla synpunkter till oss p\u00e5 behandlingen.<\/p>\n<h4>2 Vilka personuppgifter vi behandlar, \u00e4ndam\u00e5l och r\u00e4ttslig grund<\/h4>\n<p>2.1 Representanter fr\u00e5n bolag\/organisationer<br \/>\nOmda Predicare AB behandlar information om dig som vi beh\u00f6ver f\u00f6r att kunna kontakta dig i egenskap av representant f\u00f6r ett bolag\/organisation. Dina uppgifter samlas ofta in fr\u00e5n dig direkt eller fr\u00e5n det bolag\/organisation du representerar.<\/p>\n<div class=\"wp-block-table\">\n<table>\n<tbody>\n<tr>\n<th>KATEGORI AV PERSONUPPGIFTER<\/th>\n<th>R\u00c4NDAM\u00c5L MED BEHANDLINGEN<\/th>\n<th>LAGLIG GRUND<\/th>\n<\/tr>\n<tr>\n<td>Person- och kontaktinformation (namn,e-post, adress, telefon, epostadress, funktion p\u00e5 bolaget\/organisationen)<\/td>\n<td>Behandlingen \u00e4r n\u00f6dv\u00e4ndig f\u00f6r att kunna kommunicera med bolaget\/organisationen kring administration och utf\u00f6rande av tj\u00e4nster, leverans av varor, tekniska fr\u00e5gor m.m. Syftet med behandlingen \u00e4r att kunna uppfylla lagkrav, exempelvis bokf\u00f6ringsskyldighet samt att m\u00f6jligg\u00f6ra marknadsf\u00f6ring och kommunikation med bolaget\/organisationen<\/td>\n<td>Behandlingen \u00e4r n\u00f6dv\u00e4ndig f\u00f6r att fullg\u00f6ra avtal med bolaget\/organisationen. Omda Predicare AB har ett ber\u00e4ttigat intresse av att fullg\u00f6ra avtalet och administrera aff\u00e4rsrelationen med bolaget\/organisationen (intresseavv\u00e4gning). Behandlingen \u00e4r n\u00f6dv\u00e4ndig f\u00f6r att uppfylla bolagets r\u00e4ttsliga f\u00f6rpliktelser. Omda Predicare AB har ett ber\u00e4ttigat intresse av att kunna marknadsf\u00f6ra bolaget och dess produkter\/tj\u00e4nster inf\u00f6r potentiella kunder, samarbetspartners, leverant\u00f6rer och \u00f6vriga.<\/td>\n<\/tr>\n<\/tbody>\n<\/table>\n<\/div>\n<p>2.2 Personer som s\u00f6ker anst\u00e4llning hos oss<\/p>\n<div class=\"wp-block-table\">\n<table>\n<tbody>\n<tr>\n<th>KATEGORI AV PERSONUPPGIFTER<\/th>\n<th>R\u00c4NDAM\u00c5L MED BEHANDLINGEN<\/th>\n<th>LAGLIG GRUND<\/th>\n<\/tr>\n<tr>\n<td>Kontaktuppgifter s\u00e5 som namn, adress, telefonnummer, e-postadress, cv och eventuellt personligt brev.<\/td>\n<td>Syftet med behandlingen \u00e4r att kunna fullg\u00f6ra bolagets rekryteringsbehov.<\/td>\n<td>Behandlingen \u00e4r n\u00f6dv\u00e4ndig f\u00f6r bolagets ber\u00e4ttigade intresse av att rekrytera r\u00e4tt personal till bolaget (intresseavv\u00e4gning).<\/td>\n<\/tr>\n<\/tbody>\n<\/table>\n<\/div>\n<p>2.3 Slutanv\u00e4ndare av systemet RETTS<\/p>\n<div class=\"wp-block-table\">\n<table>\n<tbody>\n<tr>\n<th>KATEGORI AV PERSONUPPGIFTER<\/th>\n<th>R\u00c4NDAM\u00c5L MED BEHANDLINGEN<\/th>\n<th>LAGLIG GRUND<\/th>\n<\/tr>\n<tr>\n<td>Person- och kontaktinformation s\u00e5 som namn och e-postadress.<\/td>\n<td>Syftet med behandlingen \u00e4r att kunna skapa anv\u00e4ndarkonton till slutanv\u00e4ndare i systemet RETTS samt kunna erbjuda support i systemet.<\/td>\n<td>Omda Predicare AB har ett ber\u00e4ttigat intresse (intresseavv\u00e4gning) av att behandla slutanv\u00e4ndarnas kontaktuppgifter, f\u00f6r att kunna leverera och tillhandah\u00e5lla tj\u00e4nsten RETTS till sina kunder samt erbjuda support till slutanv\u00e4ndare.<\/td>\n<\/tr>\n<\/tbody>\n<\/table>\n<\/div>\n<p>2.4 Personer som kontaktar oss spontant<\/p>\n<div class=\"wp-block-table\">\n<table>\n<tbody>\n<tr>\n<th>KATEGORI AV PERSONUPPGIFTER<\/th>\n<th>R\u00c4NDAM\u00c5L MED BEHANDLINGEN<\/th>\n<th>LAGLIG GRUND<\/th>\n<\/tr>\n<tr>\n<td>Person- och kontaktinformation s\u00e5 som namn, titel, adress, e-postadress och telefonnummer.<\/td>\n<td>I syfte att m\u00f6jligg\u00f6ra och underl\u00e4tta kommunikation med potentiella kunder, leverant\u00f6rer, samarbetspartners och \u00f6vriga intressenter samt personer som kontaktar bolaget spontant, exempelvis via supportsystemet. Syftet \u00e4r vidare att kunna erbjuda support till slutanv\u00e4ndare av RETTS.<\/td>\n<td>Behandlingen \u00e4r n\u00f6dv\u00e4ndig f\u00f6r bolagets ber\u00e4ttigade intresse (intresseavv\u00e4gning) av att kunna kommunicera med potentiella kunder, leverant\u00f6rer, samarbetspartners och \u00f6vriga intressenter. Vidare har bolaget ett ber\u00e4ttigat intresse av att kunna kommunicera med personer som beg\u00e4rt support i supportsystemet.<\/td>\n<\/tr>\n<\/tbody>\n<\/table>\n<\/div>\n<h4>3 Varifr\u00e5n vi samlar in dina personuppgifter?<\/h4>\n<p>3.1 Omda Predicare AB behandlar personuppgifter som du sj\u00e4lv har tillhandah\u00e5llit till oss n\u00e4r du tar kontakt med oss. Vi kan \u00e4ven inh\u00e4mta uppgifter fr\u00e5n offentliga register.<\/p>\n<h4>4 Vem vi delar dina personuppgifter med?<\/h4>\n<p>4.1\u00a0 Omda Predicare AB delar information med betrodda leverant\u00f6rer som hj\u00e4lper oss att drifta v\u00e5r webbplats och hantera bokf\u00f6ring- och l\u00f6neadministration. Med dessa parter finns personuppgiftsbitr\u00e4desavtal som reglerar hur personuppgifterna f\u00e5r anv\u00e4ndas och hur de skyddas. Vi kan \u00e4ven komma att dela dina personuppgifter om vi finner det n\u00f6dv\u00e4ndigt pga. lagstadgade krav.<\/p>\n<h4>5 \u00d6verf\u00f6ring till tredje land<\/h4>\n<p>5.1 Omda Predicare AB behandlar enbart dina personuppgifter inom EU\/EES, dvs. personuppgifter \u00f6verf\u00f6rs inte till tredje land.<\/p>\n<h4 class=\"fusion-responsive-typography-calculated\" data-fontsize=\"21\" data-lineheight=\"31.5px\">6 Hur l\u00e4nge sparar vi dina personuppgifter?<\/h4>\n<p>6.1 Vi sparar inte dina personuppgifter under l\u00e4ngre tid \u00e4n vad som \u00e4r n\u00f6dv\u00e4ndigt med h\u00e4nsyn till \u00e4ndam\u00e5let f\u00f6r vilka personuppgifterna behandlas. Vissa personuppgifter sparas s\u00e5 l\u00e4nge det beh\u00f6vs f\u00f6r att kunna fullg\u00f6ra lagstadgade best\u00e4mmelser, exempelvis enligt bokf\u00f6ringslagen.<\/p>\n<h4>7 S\u00e4kerhet och skydd<\/h4>\n<p>7.1 Omda Predicare AB har vidtagit adekvata tekniska och organisatoriska s\u00e4kerhets\u00e5tg\u00e4rder f\u00f6r att skydda dina personuppgifter fr\u00e5n obeh\u00f6rig \u00e5tkomst, \u00e4ndring eller spridning.<\/p>\n<h4>8 Dina r\u00e4ttigheter<\/h4>\n<p>8.1 Oavsett vilka personuppgifter vi har sparat om dig ska du alltid ha kontroll \u00f6ver dina egna personuppgifter. D\u00e4rf\u00f6r har du enligt dataskyddsf\u00f6rordningen f\u00f6ljande r\u00e4ttigheter<br \/>\n8.1.1 R\u00e4tt till tillg\u00e5ng och insyn (\u201dregisterutdrag\u201d) \u2013 Du kan beg\u00e4ra utdrag \u00f6ver registrerade personuppgifter och verifiera den information vi har om dig.<br \/>\n8.1.2 R\u00e4tt till r\u00e4ttelse \u2013 Du har r\u00e4tt att f\u00e5 felaktig eller icke-komplett information om dig r\u00e4ttad.<br \/>\n8.1.3 R\u00e4tt att bli gl\u00f6md \u2013 Du har r\u00e4tt att beg\u00e4ra att f\u00e5 dina personuppgifter raderade om uppgifterna inte l\u00e4ngre \u00e4r n\u00f6dv\u00e4ndiga f\u00f6r det syfte de samlades in. Om uppgifterna \u00e4r sparade pga. lagstadgad skyldighet att spara viss information har du dock inte r\u00e4tt till radering.<br \/>\n8.1.4 R\u00e4tt till begr\u00e4nsning \u2013 Du har r\u00e4tt att begr\u00e4nsa fortsatt behandling, exempelvis om du ifr\u00e5gas\u00e4tter om behandlingen \u00e4r laglig.<br \/>\n8.1.5 R\u00e4tt till dataportabilitet \u2013 dvs. r\u00e4tt att f\u00e5 vissa av dina personuppgifter \u00f6verf\u00f6rda till annan personuppgiftsansvarig.<br \/>\n8.1.6 R\u00e4tt att g\u00f6ra inv\u00e4ndningar \u2013 Du har alltid r\u00e4tt att stoppa direktmarknadsf\u00f6ring eller inv\u00e4nda mot s\u00e5dan behandling av personuppgifter som grundas p\u00e5 en<br \/>\nintresseavv\u00e4gning.<\/p>\n<h4>9 Om du \u00e4r missn\u00f6jd med v\u00e5r behandling av dina personuppgifter<\/h4>\n<p>9.1 Om du \u00e4r missn\u00f6jd med v\u00e5r behandling av dina personuppgifter har du r\u00e4tt att l\u00e4mna in ett klagom\u00e5l till Integritetsskyddsmyndigheten (IMY).<\/p>\n<h4 class=\"fusion-responsive-typography-calculated\" data-fontsize=\"21\" data-lineheight=\"31.5px\">10 \u00c4ndringar i denna integritetspolicy<\/h4>\n<p>10.1 Vi f\u00f6rbeh\u00e5ller oss r\u00e4tten att uppdatera eller \u00e4ndra denna policy vid behov. Du b\u00f6r regelbundet bes\u00f6ka webbplatsen f\u00f6r att erh\u00e5lla den senaste versionen.<\/p>\n<h4>11 Hur du kontaktar oss<\/h4>\n<p>11.1 Har du fr\u00e5gor ang\u00e5ende v\u00e5r behandling av personuppgifter eller vill du ut\u00f6va n\u00e5gon av dina r\u00e4ttigheter kopplade till behandlingen av dina personuppgifter. V\u00e4nligen kontakta<br \/>\nPersonuppgiftsansvarig: Omda Predicare AB<br \/>\nOrganisationsnummer: 556825-1408<br \/>\nAdress: Sankt Eriksgatan 5, SE-411 05 G\u00f6teborg<br \/>\nEpost: hello@predicare.se<\/p>\n\t\t<\/div>\n\t<\/section>\n","protected":false},"excerpt":{"rendered":"","protected":false},"author":1,"featured_media":0,"parent":0,"menu_order":0,"comment_status":"closed","ping_status":"closed","template":"guternberg.php","meta":{"footnotes":""},"class_list":["post-631","page","type-page","status-publish","hentry"],"acf":[],"yoast_head":"<!-- This site is optimized with the Yoast SEO plugin v21.9.1 - https:\/\/yoast.com\/wordpress\/plugins\/seo\/ -->\n<title>Personuppgiftspolicy - Omda Predicare<\/title>\n<meta name=\"robots\" content=\"index, follow, max-snippet:-1, max-image-preview:large, max-video-preview:-1\" \/>\n<link rel=\"canonical\" href=\"https:\/\/predicare.com\/sv\/personuppgiftspolicy\/\" \/>\n<meta property=\"og:locale\" content=\"sv_SE\" \/>\n<meta property=\"og:type\" content=\"article\" \/>\n<meta property=\"og:title\" content=\"Personuppgiftspolicy - Omda Predicare\" \/>\n<meta property=\"og:url\" content=\"https:\/\/predicare.com\/sv\/personuppgiftspolicy\/\" \/>\n<meta property=\"og:site_name\" content=\"Omda Predicare\" \/>\n<meta property=\"article:modified_time\" content=\"2025-08-19T11:25:35+00:00\" \/>\n<meta name=\"twitter:card\" content=\"summary_large_image\" \/>\n<script type=\"application\/ld+json\" class=\"yoast-schema-graph\">{\"@context\":\"https:\/\/schema.org\",\"@graph\":[{\"@type\":\"WebPage\",\"@id\":\"https:\/\/predicare.com\/sv\/personuppgiftspolicy\/\",\"url\":\"https:\/\/predicare.com\/sv\/personuppgiftspolicy\/\",\"name\":\"Personuppgiftspolicy - Omda Predicare\",\"isPartOf\":{\"@id\":\"https:\/\/predicare.com\/sv\/#website\"},\"datePublished\":\"2024-01-30T11:39:38+00:00\",\"dateModified\":\"2025-08-19T11:25:35+00:00\",\"breadcrumb\":{\"@id\":\"https:\/\/predicare.com\/sv\/personuppgiftspolicy\/#breadcrumb\"},\"inLanguage\":\"sv-SE\",\"potentialAction\":[{\"@type\":\"ReadAction\",\"target\":[\"https:\/\/predicare.com\/sv\/personuppgiftspolicy\/\"]}]},{\"@type\":\"BreadcrumbList\",\"@id\":\"https:\/\/predicare.com\/sv\/personuppgiftspolicy\/#breadcrumb\",\"itemListElement\":[{\"@type\":\"ListItem\",\"position\":1,\"name\":\"Home\",\"item\":\"https:\/\/predicare.com\/sv\/\"},{\"@type\":\"ListItem\",\"position\":2,\"name\":\"Personuppgiftspolicy\"}]},{\"@type\":\"WebSite\",\"@id\":\"https:\/\/predicare.com\/sv\/#website\",\"url\":\"https:\/\/predicare.com\/sv\/\",\"name\":\"Omda Predicare\",\"description\":\"\",\"publisher\":{\"@id\":\"https:\/\/predicare.com\/sv\/#organization\"},\"potentialAction\":[{\"@type\":\"SearchAction\",\"target\":{\"@type\":\"EntryPoint\",\"urlTemplate\":\"https:\/\/predicare.com\/sv\/?s={search_term_string}\"},\"query-input\":\"required name=search_term_string\"}],\"inLanguage\":\"sv-SE\"},{\"@type\":\"Organization\",\"@id\":\"https:\/\/predicare.com\/sv\/#organization\",\"name\":\"Omda Predicare\",\"url\":\"https:\/\/predicare.com\/sv\/\",\"logo\":{\"@type\":\"ImageObject\",\"inLanguage\":\"sv-SE\",\"@id\":\"https:\/\/predicare.com\/sv\/#\/schema\/logo\/image\/\",\"url\":\"https:\/\/predicare.com\/wp-content\/uploads\/2025\/08\/Skarmbild-2025-08-19-094847.png\",\"contentUrl\":\"https:\/\/predicare.com\/wp-content\/uploads\/2025\/08\/Skarmbild-2025-08-19-094847.png\",\"width\":2157,\"height\":802,\"caption\":\"Omda Predicare\"},\"image\":{\"@id\":\"https:\/\/predicare.com\/sv\/#\/schema\/logo\/image\/\"}}]}<\/script>\n<!-- \/ Yoast SEO plugin. -->","yoast_head_json":{"title":"Personuppgiftspolicy - Omda Predicare","robots":{"index":"index","follow":"follow","max-snippet":"max-snippet:-1","max-image-preview":"max-image-preview:large","max-video-preview":"max-video-preview:-1"},"canonical":"https:\/\/predicare.com\/sv\/personuppgiftspolicy\/","og_locale":"sv_SE","og_type":"article","og_title":"Personuppgiftspolicy - Omda Predicare","og_url":"https:\/\/predicare.com\/sv\/personuppgiftspolicy\/","og_site_name":"Omda Predicare","article_modified_time":"2025-08-19T11:25:35+00:00","twitter_card":"summary_large_image","schema":{"@context":"https:\/\/schema.org","@graph":[{"@type":"WebPage","@id":"https:\/\/predicare.com\/sv\/personuppgiftspolicy\/","url":"https:\/\/predicare.com\/sv\/personuppgiftspolicy\/","name":"Personuppgiftspolicy - Omda Predicare","isPartOf":{"@id":"https:\/\/predicare.com\/sv\/#website"},"datePublished":"2024-01-30T11:39:38+00:00","dateModified":"2025-08-19T11:25:35+00:00","breadcrumb":{"@id":"https:\/\/predicare.com\/sv\/personuppgiftspolicy\/#breadcrumb"},"inLanguage":"sv-SE","potentialAction":[{"@type":"ReadAction","target":["https:\/\/predicare.com\/sv\/personuppgiftspolicy\/"]}]},{"@type":"BreadcrumbList","@id":"https:\/\/predicare.com\/sv\/personuppgiftspolicy\/#breadcrumb","itemListElement":[{"@type":"ListItem","position":1,"name":"Home","item":"https:\/\/predicare.com\/sv\/"},{"@type":"ListItem","position":2,"name":"Personuppgiftspolicy"}]},{"@type":"WebSite","@id":"https:\/\/predicare.com\/sv\/#website","url":"https:\/\/predicare.com\/sv\/","name":"Omda Predicare","description":"","publisher":{"@id":"https:\/\/predicare.com\/sv\/#organization"},"potentialAction":[{"@type":"SearchAction","target":{"@type":"EntryPoint","urlTemplate":"https:\/\/predicare.com\/sv\/?s={search_term_string}"},"query-input":"required name=search_term_string"}],"inLanguage":"sv-SE"},{"@type":"Organization","@id":"https:\/\/predicare.com\/sv\/#organization","name":"Omda Predicare","url":"https:\/\/predicare.com\/sv\/","logo":{"@type":"ImageObject","inLanguage":"sv-SE","@id":"https:\/\/predicare.com\/sv\/#\/schema\/logo\/image\/","url":"https:\/\/predicare.com\/wp-content\/uploads\/2025\/08\/Skarmbild-2025-08-19-094847.png","contentUrl":"https:\/\/predicare.com\/wp-content\/uploads\/2025\/08\/Skarmbild-2025-08-19-094847.png","width":2157,"height":802,"caption":"Omda Predicare"},"image":{"@id":"https:\/\/predicare.com\/sv\/#\/schema\/logo\/image\/"}}]}},"_links":{"self":[{"href":"https:\/\/predicare.com\/sv\/wp-json\/wp\/v2\/pages\/631","targetHints":{"allow":["GET"]}}],"collection":[{"href":"https:\/\/predicare.com\/sv\/wp-json\/wp\/v2\/pages"}],"about":[{"href":"https:\/\/predicare.com\/sv\/wp-json\/wp\/v2\/types\/page"}],"author":[{"embeddable":true,"href":"https:\/\/predicare.com\/sv\/wp-json\/wp\/v2\/users\/1"}],"replies":[{"embeddable":true,"href":"https:\/\/predicare.com\/sv\/wp-json\/wp\/v2\/comments?post=631"}],"version-history":[{"count":8,"href":"https:\/\/predicare.com\/sv\/wp-json\/wp\/v2\/pages\/631\/revisions"}],"predecessor-version":[{"id":1837,"href":"https:\/\/predicare.com\/sv\/wp-json\/wp\/v2\/pages\/631\/revisions\/1837"}],"wp:attachment":[{"href":"https:\/\/predicare.com\/sv\/wp-json\/wp\/v2\/media?parent=631"}],"curies":[{"name":"wp","href":"https:\/\/api.w.org\/{rel}","templated":true}]}}