{"id":660,"date":"2024-01-30T10:10:01","date_gmt":"2024-01-30T10:10:01","guid":{"rendered":"https:\/\/predicare.com\/?page_id=660"},"modified":"2025-08-19T12:09:21","modified_gmt":"2025-08-19T12:09:21","slug":"vad-ar-retts","status":"publish","type":"page","link":"https:\/\/predicare.com\/sv\/vad-ar-retts\/","title":{"rendered":"Vad \u00e4r RETTS?"},"content":{"rendered":"\n\t<section class=\"about-hero-wrap\">\n\t\t<div class=\"container-fluid\">\n\t\t\t<div class=\"row align-items-center\">\n\t\t\t\t<!-- LEFT BLOCK -->\n\t\t\t\t\t\t\t\t\t<div class=\"col-6 col-lg-3 order-lg-1\">\n\t\t\t\t\t\t\t\t\t\t\t\t\t<img loading=\"lazy\" decoding=\"async\" width=\"442\" height=\"506\" src=\"https:\/\/predicare.com\/wp-content\/uploads\/2024\/01\/WhatIsRETTS-HeroGraphic-Left.png\" class=\"attachment-full size-full\" alt=\"\" srcset=\"https:\/\/predicare.com\/wp-content\/uploads\/2024\/01\/WhatIsRETTS-HeroGraphic-Left.png 442w, https:\/\/predicare.com\/wp-content\/uploads\/2024\/01\/WhatIsRETTS-HeroGraphic-Left-262x300.png 262w\" sizes=\"auto, (max-width: 442px) 100vw, 442px\" \/>\t\t\t\t\t\t\t\t\t\t\t<\/div>\n\t\t\t\t\n\t\t\t\t<!-- RIGHT BLOCK -->\n\t\t\t\t\t\t\t\t\t<div class=\"col-6 col-lg-3 order-lg-3\">\n\t\t\t\t\t\t\t\t\t\t\t\t\t<img loading=\"lazy\" decoding=\"async\" width=\"442\" height=\"500\" src=\"https:\/\/predicare.com\/wp-content\/uploads\/2024\/01\/WhatIsRETTS-HeroGraphic-Right.png\" class=\"attachment-full size-full\" alt=\"\" srcset=\"https:\/\/predicare.com\/wp-content\/uploads\/2024\/01\/WhatIsRETTS-HeroGraphic-Right.png 442w, https:\/\/predicare.com\/wp-content\/uploads\/2024\/01\/WhatIsRETTS-HeroGraphic-Right-265x300.png 265w\" sizes=\"auto, (max-width: 442px) 100vw, 442px\" \/>\t\t\t\t\t\t\t\t\t\t\t<\/div>\n\t\t\t\t\t\t\t\t\n\t\t\t\t<div class=\"col-lg-6 order-lg-2\">\t\n\t\t\t\t\t<div class=\"container\">\n\t\t\t\t\t<img loading=\"lazy\" decoding=\"async\" width=\"55\" height=\"60\" src=\"https:\/\/predicare.com\/wp-content\/uploads\/2024\/01\/RETTSIcon.png\" class=\"logo\" alt=\"\" \/>\t\t\t\t\t<h1>Vad \u00e4r RETTS?<\/h1>\n\t\t\t\t\t<p>Rapid Emergency Triage and Treatment System (RETTS) \u00e4r ett beslutsst\u00f6d f\u00f6r triage- och processhantering i akutv\u00e5rdskedjan &#8211; utformat f\u00f6r att hj\u00e4lpa v\u00e5rdpersonal i en rad olika v\u00e5rdmilj\u00f6er. Den har anv\u00e4nts i \u00f6ver tv\u00e5 decennier i de nordiska l\u00e4nderna och har m\u00f6jliggjort \u00f6ver 60 miljoner bed\u00f6mningar. Sedan 2023 anv\u00e4nds RETTS \u00e4ven i \u00d6sterrike och sedan 2025 \u00e4ven p\u00e5 \u00c5land.<\/p>\n\t\t\t\t\t<\/div>\n\t\t\t\t<\/div>\n\t\t\t<\/div>\n\t\t<\/div>\n\t<\/section>\n\n\n\n\t<section class=\"block retts-feature\">\n\t\t<div class=\"container\">\n\t\t\t\t\t\t\t<svg xmlns=\"http:\/\/www.w3.org\/2000\/svg\" width=\"16\" height=\"158\" viewBox=\"0 0 16 158\">\n  <g id=\"Line-Dark\" transform=\"translate(-952 -1572)\">\n    <line id=\"Line-Vertical-Dark\" y2=\"150\" transform=\"translate(960 1572)\" fill=\"none\" stroke=\"#0d3e63\" stroke-width=\"2\"\/>\n    <g id=\"LineEnd-Dark\" transform=\"translate(-43.268 1201.5)\">\n      <g id=\"Ellipse_2\" data-name=\"Ellipse 2\" transform=\"translate(995.267 512.5)\" fill=\"none\" stroke=\"#0d3e63\" stroke-width=\"2\">\n        <circle cx=\"8\" cy=\"8\" r=\"8\" stroke=\"none\"\/>\n        <circle cx=\"8\" cy=\"8\" r=\"7\" fill=\"none\"\/>\n      <\/g>\n      <circle id=\"Ellipse_3\" data-name=\"Ellipse 3\" cx=\"4\" cy=\"4\" r=\"4\" transform=\"translate(999.267 516.5)\" fill=\"#0d3e63\"\/>\n    <\/g>\n  <\/g>\n<\/svg>\n\t\t\t\t<h3>RETTS anv\u00e4nder tv\u00e5 p\u00e5litliga algoritmer f\u00f6r identifiering av medicinsk riskniv\u00e5<\/h3>\n\t\t\t\t\t\t\t\t\t\t<div class=\"retts-feature-list\">\n\t\t\t\t\t\t\t\t\t\t\t\t\t\t\t<div class=\"default-card\">\n\t\t\t\t\t\t\t\t\t<h5>Vitalparametrar  <\/h5>\n\t\t\t\t\t\t\t\t\t<p><span style=\"font-weight: 400;\">Vitalparametrar baseras p\u00e5 ABCDE-principen som inkluderar hj\u00e4rtfrekvens, blodtryck, andningsfrekvens, temperatur och syrem\u00e4ttnad.<\/span><\/p>\n\t\t\t\t\t\t\t\t<\/div>\n\t\t\t\t\t\t\t\t\t\t\t\t\t\t\t<div class=\"default-card\">\n\t\t\t\t\t\t\t\t\t<h5>Symtom och tecken (ESS) <\/h5>\n\t\t\t\t\t\t\t\t\t<p><span style=\"font-weight: 400;\">ESS-kort \u00e4r en strukturerad upps\u00e4ttning av kliniska fynd som anv\u00e4nds f\u00f6r att systematiskt fastst\u00e4lla en patients tillst\u00e5nd.<\/span><\/p>\n\t\t\t\t\t\t\t\t<\/div>\n\t\t\t\t\t\t\t\t\t\t\t\t\t<\/div>\n\t\t\t\t\t\t\t\t\t\t\t\t\t\t\t\t<svg xmlns=\"http:\/\/www.w3.org\/2000\/svg\" width=\"16\" height=\"158\" viewBox=\"0 0 16 158\">\n  <g id=\"Line-Dark\" transform=\"translate(-952 -1572)\">\n    <line id=\"Line-Vertical-Dark\" y2=\"150\" transform=\"translate(960 1572)\" fill=\"none\" stroke=\"#0d3e63\" stroke-width=\"2\"\/>\n    <g id=\"LineEnd-Dark\" transform=\"translate(-43.268 1201.5)\">\n      <g id=\"Ellipse_2\" data-name=\"Ellipse 2\" transform=\"translate(995.267 512.5)\" fill=\"none\" stroke=\"#0d3e63\" stroke-width=\"2\">\n        <circle cx=\"8\" cy=\"8\" r=\"8\" stroke=\"none\"\/>\n        <circle cx=\"8\" cy=\"8\" r=\"7\" fill=\"none\"\/>\n      <\/g>\n      <circle id=\"Ellipse_3\" data-name=\"Ellipse 3\" cx=\"4\" cy=\"4\" r=\"4\" transform=\"translate(999.267 516.5)\" fill=\"#0d3e63\"\/>\n    <\/g>\n  <\/g>\n<\/svg>\n\t\t\t\t<h3>Den algoritm som indikerar h\u00f6gst medicinska riskniv\u00e5 rekommenderas som prioritet\/triageniv\u00e5 i k\u00f6n till l\u00e4karunders\u00f6kning<\/h3>\n\t\t\t\t<p>Detta g\u00f6r att bed\u00f6mningen av patienten blir mer fullst\u00e4ndig och konsekvent, och s\u00e4kerst\u00e4ller att patienten f\u00e5r r\u00e4tt v\u00e5rdniv\u00e5. <\/p><img loading=\"lazy\" decoding=\"async\" width=\"808\" height=\"337\" src=\"https:\/\/predicare.com\/wp-content\/uploads\/2024\/01\/WhatIsRETTS-Graphic-Decision-v2.png\" class=\"logo\" alt=\"\" srcset=\"https:\/\/predicare.com\/wp-content\/uploads\/2024\/01\/WhatIsRETTS-Graphic-Decision-v2.png 808w, https:\/\/predicare.com\/wp-content\/uploads\/2024\/01\/WhatIsRETTS-Graphic-Decision-v2-300x125.png 300w, https:\/\/predicare.com\/wp-content\/uploads\/2024\/01\/WhatIsRETTS-Graphic-Decision-v2-768x320.png 768w\" sizes=\"auto, (max-width: 808px) 100vw, 808px\" \/>\t\t\t\t\t<\/div>\n\t<\/section>\n\n\n\n\t<section class=\"full-section-promo-with-background\">\n\t\t<div class=\"container\">\n\t\t\t<div class=\"row gx-md-3 gx-xl-6 flex-row-reverse\">\n\t\t\t\t<div class=\"col-lg-5\">\n\t\t\t\t\t\t\t\t\t\t\t<img decoding=\"async\" src=\"https:\/\/predicare.com\/wp-content\/uploads\/2025\/08\/Predicare_09-scaled.jpg\" alt=\"\">\n\t\t\t\t\t\t\t\t\t<\/div>\n\t\t\t\t<div class=\"col-lg-7\">\n\t\t\t\t\t<h2>Redo n\u00e4r och var du beh\u00f6ver det  <\/h2><ul>\n<li><span style=\"font-weight: 400;\">Tillg\u00e4nglig onlineportal<\/span><\/li>\n<li><span style=\"font-weight: 400;\">St\u00f6djer lokala processer <\/span><\/li>\n<li><span style=\"font-weight: 400;\">Gratis tr\u00e4ning och utbildning<\/span><\/li>\n<\/ul>\n<p><span style=\"font-weight: 400;\">RETTS \u00e4r en flexibel mjukvarubaserad l\u00f6sning som kan implementeras och anv\u00e4ndas precis n\u00e4r och var akutsjukv\u00e5rdspersonal beh\u00f6ver det. Tack vare v\u00e5r onlineportal kan den anv\u00e4ndas tillsammans med befintliga system och arbetsfl\u00f6den. Medicinska riktlinjer p\u00e5 b\u00e5de lokal och nationell niv\u00e5 kan efterf\u00f6ljas tack vare RETTS struktur.<\/span><\/p>\n<p><span style=\"font-weight: 400;\"> Vi erbjuder utbildning och tr\u00e4ning inom RETTS helt kostnadsfritt f\u00f6r att hj\u00e4lpa team f\u00e5 ut s\u00e5 mycket som m\u00f6jligt. Detta \u00e4r inkluderat i varje licens helt utan extra kostnad. Med v\u00e5r plattform kan medicinsk personal utbildas i en takt som passar dem. Dessutom erbjuder vi lokalt st\u00f6d via v\u00e5ra tr\u00e4nare som kan erbjuda personlig eller online utbildning. <\/span><\/p>\n<p><span style=\"font-weight: 400;\">RETTS \u00e4r l\u00e4tt att anv\u00e4nda och f\u00f6rst\u00e5, och kan anv\u00e4ndas tillf\u00f6rlitligt inom flera omr\u00e5den f\u00f6r att tillhandah\u00e5lla konsekvens i beslutsfattande. <\/span><\/p>\n\t\t\t\t<\/div>\n\t\t\t<\/div>\n\t\t<\/div>\n\t<\/section>\n\n\n\n\t<section class=\"block solution-promo\">\n\t\t<div class=\"container\">\n\t\t\t<div class=\"row gx-md-5 gx-xl-6  \">\n\t\t\t\t<div class=\"col-lg-5\">\n\t\t\t\t\t\t\t\t\t\t\t<img decoding=\"async\" src=\"https:\/\/predicare.com\/wp-content\/uploads\/2024\/02\/WhyRETTSImage-1.png\" alt=\"\">\n\t\t\t\t\t\t\t\t\t<\/div>\n\t\t\t\t<div class=\"col-lg-7\">\n\t\t\t\t\t<h2>Varf\u00f6r v\u00e4lja RETTS?  <\/h2>\t\t\t\t\t\t\t<div class=\"default-card\">\n\t\t\t\t\t\t\t\t<h4>Konsekventa beslut  <\/h4><p>RETTS erbjuder en systematisk och strukturerad metod f\u00f6r triage som s\u00e4kerst\u00e4ller att samtliga inom v\u00e5rden anv\u00e4nder samma robusta kriterier f\u00f6r att bed\u00f6ma allvaret i en patients tillst\u00e5nd. <\/p>\t\t\t\t\t\t\t<\/div>\n\t\t\t\t\t\t\t\t\t\t\t\t\t\t<div class=\"default-card\">\n\t\t\t\t\t\t\t\t<h4>Snabbare processer <\/h4><p>Varje ESS-kort inneh\u00e5ller information om hur man ska testa, bevaka och hantera patienter. Detta f\u00f6rkortar processtiden f\u00f6r varje patient. <\/p>\t\t\t\t\t\t\t<\/div>\n\t\t\t\t\t\t\t\t\t\t\t\t\t\t<div class=\"default-card\">\n\t\t\t\t\t\t\t\t<h4>Kontinuerlig utveckling <\/h4><p>RETTS uppdateras regelbundet baserat p\u00e5 den senaste forskningen och kliniska riktlinjer. Detta s\u00e4kerst\u00e4ller att systemet st\u00e4ndigt anpassas efter modern v\u00e5rd.  <\/p>\t\t\t\t\t\t\t<\/div>\n\t\t\t\t\t\t\t\t\t\t\t<\/div>\n\t\t\t<\/div>\n\t\t<\/div>\n\t<\/section>\n\n\n\n\t<section class=\"image-promo\">\n\t\t<div class=\"container\">\n\t\t\t<div class=\"cta-wrap\">\n\t\t\t\t\t\t\t\t\t<img decoding=\"async\" src=\"https:\/\/predicare.com\/wp-content\/uploads\/2024\/02\/predicare-book-demo.jpg\" alt=\"Intresserad av RETTS? \">\n\t\t\t\t\t\t\t\t<div class=\"content\">\n\t\t\t\t\t\t\t\t\t\t\t<h2>Intresserad av RETTS? <\/h2>\n\t\t\t\t\t\t\t\t\t\t<div class=\"button-group\">\n\t\t\t\t\t\t\t\t\t\t\t\t\t\t\t\t<a class=\"btn btn-primary\" href=\"\/sv\/kontakta-oss\/\">Boka en demo <\/a>\n\t\t\t\t\t\t\t\t\t\t<\/div>\n\t\t\t\t\n\t\t\t\t<\/div>\n\t\t\t<\/div>\n\t\t<\/div>\n\n\t<\/section>\n","protected":false},"excerpt":{"rendered":"","protected":false},"author":1,"featured_media":0,"parent":0,"menu_order":0,"comment_status":"closed","ping_status":"closed","template":"guternberg.php","meta":{"footnotes":""},"class_list":["post-660","page","type-page","status-publish","hentry"],"acf":[],"yoast_head":"<!-- This site is optimized with the Yoast SEO plugin v21.9.1 - https:\/\/yoast.com\/wordpress\/plugins\/seo\/ -->\n<title>Vad \u00e4r RETTS? - Omda Predicare<\/title>\n<meta name=\"robots\" content=\"index, follow, max-snippet:-1, max-image-preview:large, max-video-preview:-1\" \/>\n<link rel=\"canonical\" href=\"https:\/\/predicare.com\/sv\/vad-ar-retts\/\" \/>\n<meta property=\"og:locale\" content=\"sv_SE\" \/>\n<meta property=\"og:type\" content=\"article\" \/>\n<meta property=\"og:title\" content=\"Vad \u00e4r RETTS? - Omda Predicare\" \/>\n<meta property=\"og:url\" content=\"https:\/\/predicare.com\/sv\/vad-ar-retts\/\" \/>\n<meta property=\"og:site_name\" content=\"Omda Predicare\" \/>\n<meta property=\"article:modified_time\" content=\"2025-08-19T12:09:21+00:00\" \/>\n<meta name=\"twitter:card\" content=\"summary_large_image\" \/>\n<script type=\"application\/ld+json\" class=\"yoast-schema-graph\">{\"@context\":\"https:\/\/schema.org\",\"@graph\":[{\"@type\":\"WebPage\",\"@id\":\"https:\/\/predicare.com\/sv\/vad-ar-retts\/\",\"url\":\"https:\/\/predicare.com\/sv\/vad-ar-retts\/\",\"name\":\"Vad \u00e4r RETTS? - Omda Predicare\",\"isPartOf\":{\"@id\":\"https:\/\/predicare.com\/sv\/#website\"},\"datePublished\":\"2024-01-30T10:10:01+00:00\",\"dateModified\":\"2025-08-19T12:09:21+00:00\",\"breadcrumb\":{\"@id\":\"https:\/\/predicare.com\/sv\/vad-ar-retts\/#breadcrumb\"},\"inLanguage\":\"sv-SE\",\"potentialAction\":[{\"@type\":\"ReadAction\",\"target\":[\"https:\/\/predicare.com\/sv\/vad-ar-retts\/\"]}]},{\"@type\":\"BreadcrumbList\",\"@id\":\"https:\/\/predicare.com\/sv\/vad-ar-retts\/#breadcrumb\",\"itemListElement\":[{\"@type\":\"ListItem\",\"position\":1,\"name\":\"Home\",\"item\":\"https:\/\/predicare.com\/sv\/\"},{\"@type\":\"ListItem\",\"position\":2,\"name\":\"Vad \u00e4r RETTS?\"}]},{\"@type\":\"WebSite\",\"@id\":\"https:\/\/predicare.com\/sv\/#website\",\"url\":\"https:\/\/predicare.com\/sv\/\",\"name\":\"Omda Predicare\",\"description\":\"\",\"publisher\":{\"@id\":\"https:\/\/predicare.com\/sv\/#organization\"},\"potentialAction\":[{\"@type\":\"SearchAction\",\"target\":{\"@type\":\"EntryPoint\",\"urlTemplate\":\"https:\/\/predicare.com\/sv\/?s={search_term_string}\"},\"query-input\":\"required name=search_term_string\"}],\"inLanguage\":\"sv-SE\"},{\"@type\":\"Organization\",\"@id\":\"https:\/\/predicare.com\/sv\/#organization\",\"name\":\"Omda Predicare\",\"url\":\"https:\/\/predicare.com\/sv\/\",\"logo\":{\"@type\":\"ImageObject\",\"inLanguage\":\"sv-SE\",\"@id\":\"https:\/\/predicare.com\/sv\/#\/schema\/logo\/image\/\",\"url\":\"https:\/\/predicare.com\/wp-content\/uploads\/2025\/08\/Skarmbild-2025-08-19-094847.png\",\"contentUrl\":\"https:\/\/predicare.com\/wp-content\/uploads\/2025\/08\/Skarmbild-2025-08-19-094847.png\",\"width\":2157,\"height\":802,\"caption\":\"Omda Predicare\"},\"image\":{\"@id\":\"https:\/\/predicare.com\/sv\/#\/schema\/logo\/image\/\"}}]}<\/script>\n<!-- \/ Yoast SEO plugin. -->","yoast_head_json":{"title":"Vad \u00e4r RETTS? - Omda Predicare","robots":{"index":"index","follow":"follow","max-snippet":"max-snippet:-1","max-image-preview":"max-image-preview:large","max-video-preview":"max-video-preview:-1"},"canonical":"https:\/\/predicare.com\/sv\/vad-ar-retts\/","og_locale":"sv_SE","og_type":"article","og_title":"Vad \u00e4r RETTS? - Omda Predicare","og_url":"https:\/\/predicare.com\/sv\/vad-ar-retts\/","og_site_name":"Omda Predicare","article_modified_time":"2025-08-19T12:09:21+00:00","twitter_card":"summary_large_image","schema":{"@context":"https:\/\/schema.org","@graph":[{"@type":"WebPage","@id":"https:\/\/predicare.com\/sv\/vad-ar-retts\/","url":"https:\/\/predicare.com\/sv\/vad-ar-retts\/","name":"Vad \u00e4r RETTS? - Omda Predicare","isPartOf":{"@id":"https:\/\/predicare.com\/sv\/#website"},"datePublished":"2024-01-30T10:10:01+00:00","dateModified":"2025-08-19T12:09:21+00:00","breadcrumb":{"@id":"https:\/\/predicare.com\/sv\/vad-ar-retts\/#breadcrumb"},"inLanguage":"sv-SE","potentialAction":[{"@type":"ReadAction","target":["https:\/\/predicare.com\/sv\/vad-ar-retts\/"]}]},{"@type":"BreadcrumbList","@id":"https:\/\/predicare.com\/sv\/vad-ar-retts\/#breadcrumb","itemListElement":[{"@type":"ListItem","position":1,"name":"Home","item":"https:\/\/predicare.com\/sv\/"},{"@type":"ListItem","position":2,"name":"Vad \u00e4r RETTS?"}]},{"@type":"WebSite","@id":"https:\/\/predicare.com\/sv\/#website","url":"https:\/\/predicare.com\/sv\/","name":"Omda Predicare","description":"","publisher":{"@id":"https:\/\/predicare.com\/sv\/#organization"},"potentialAction":[{"@type":"SearchAction","target":{"@type":"EntryPoint","urlTemplate":"https:\/\/predicare.com\/sv\/?s={search_term_string}"},"query-input":"required name=search_term_string"}],"inLanguage":"sv-SE"},{"@type":"Organization","@id":"https:\/\/predicare.com\/sv\/#organization","name":"Omda Predicare","url":"https:\/\/predicare.com\/sv\/","logo":{"@type":"ImageObject","inLanguage":"sv-SE","@id":"https:\/\/predicare.com\/sv\/#\/schema\/logo\/image\/","url":"https:\/\/predicare.com\/wp-content\/uploads\/2025\/08\/Skarmbild-2025-08-19-094847.png","contentUrl":"https:\/\/predicare.com\/wp-content\/uploads\/2025\/08\/Skarmbild-2025-08-19-094847.png","width":2157,"height":802,"caption":"Omda Predicare"},"image":{"@id":"https:\/\/predicare.com\/sv\/#\/schema\/logo\/image\/"}}]}},"_links":{"self":[{"href":"https:\/\/predicare.com\/sv\/wp-json\/wp\/v2\/pages\/660","targetHints":{"allow":["GET"]}}],"collection":[{"href":"https:\/\/predicare.com\/sv\/wp-json\/wp\/v2\/pages"}],"about":[{"href":"https:\/\/predicare.com\/sv\/wp-json\/wp\/v2\/types\/page"}],"author":[{"embeddable":true,"href":"https:\/\/predicare.com\/sv\/wp-json\/wp\/v2\/users\/1"}],"replies":[{"embeddable":true,"href":"https:\/\/predicare.com\/sv\/wp-json\/wp\/v2\/comments?post=660"}],"version-history":[{"count":37,"href":"https:\/\/predicare.com\/sv\/wp-json\/wp\/v2\/pages\/660\/revisions"}],"predecessor-version":[{"id":1876,"href":"https:\/\/predicare.com\/sv\/wp-json\/wp\/v2\/pages\/660\/revisions\/1876"}],"wp:attachment":[{"href":"https:\/\/predicare.com\/sv\/wp-json\/wp\/v2\/media?parent=660"}],"curies":[{"name":"wp","href":"https:\/\/api.w.org\/{rel}","templated":true}]}}